{"id":4633,"date":"2024-05-08T16:20:28","date_gmt":"2024-05-08T15:20:28","guid":{"rendered":"https:\/\/blueprofilemedia.com\/conception-de-site-wordpress\/"},"modified":"2026-03-31T20:29:11","modified_gmt":"2026-03-31T19:29:11","slug":"conception-de-site-wordpress","status":"publish","type":"page","link":"https:\/\/blueprofilemedia.com\/fr\/conception-de-site-wordpress\/","title":{"rendered":"Conception de site WordPress"},"content":{"rendered":"\n<div class=\"wp-block-uagb-container uagb-block-d9b15012 alignfull uagb-is-root-container\"><div class=\"uagb-container-inner-blocks-wrap\">\n<div class=\"wp-block-uagb-info-box uagb-block-614c16d2 uagb-infobox__content-wrap  uagb-infobox-icon-above-title uagb-infobox-image-valign-top\"><div class=\"uagb-ifb-content\"><div class=\"uagb-ifb-title-wrap\"><h5 class=\"uagb-ifb-title-prefix\">Conception de site WordPress<\/h5><h5 class=\"uagb-ifb-title\"><br\/>Profitez de la puissance de WordPress, le CMS de confiance derri\u00e8re 40 % du Web.<br\/><br\/> <\/h5><\/div><div class=\"uagb-ifb-button-wrapper wp-block-button\"><a href=\"https:\/\/blueprofilemedia.com\/fr\/contact\/\" class=\"uagb-infobox-cta-link wp-block-button__link\" target=\"_self\" rel=\"noopener noreferrer\" onclick=\"return true;\"><span class=\"uagb-inline-editing\">DEMANDER UNE SOUMISSION<\/span><\/a><\/div><\/div><\/div>\n<\/div><\/div>\n\n<div class=\"wp-block-uagb-container uagb-block-jvtqdy5b alignfull uagb-is-root-container\"><div class=\"uagb-container-inner-blocks-wrap\">\n<div class=\"wp-block-uagb-container uagb-block-c8zrydfn alignfull uagb-is-root-container\"><div class=\"uagb-container-inner-blocks-wrap\">\n<div class=\"wp-block-uagb-image aligncenter uagb-block-c2pr6isk wp-block-uagb-image--layout-default wp-block-uagb-image--effect-static wp-block-uagb-image--align-center alignleft\"><figure class=\"wp-block-uagb-image__figure\"><img decoding=\"async\" srcset=\"https:\/\/blueprofilemedia.com\/wp-content\/uploads\/2026\/03\/Blue-Profile-Media-wordpress-website-450.jpg ,https:\/\/blueprofilemedia.com\/wp-content\/uploads\/2026\/03\/Blue-Profile-Media-wordpress-website-450.jpg 780w, https:\/\/blueprofilemedia.com\/wp-content\/uploads\/2026\/03\/Blue-Profile-Media-wordpress-website-450.jpg 360w\" sizes=\"auto, (max-width: 480px) 150px\" src=\"https:\/\/blueprofilemedia.com\/wp-content\/uploads\/2026\/03\/Blue-Profile-Media-wordpress-website-450.jpg\" alt=\"Services de sites Web WordPress \u2014 M\u00e9canisme d'engrenages en cristal illustrant l'ing\u00e9nierie et l'expertise des solutions Web de Blue Profile Media.\" class=\"uag-image-4896\" width=\"450\" height=\"245\" title=\"Solutions d'ing\u00e9nierie pour services de sites Web WordPress\" loading=\"lazy\" role=\"img\"><\/figure><\/div>\n\n\n\n<div class=\"wp-block-uagb-info-box uagb-block-jcf8hcvo uagb-infobox__content-wrap  uagb-infobox-icon-above-title uagb-infobox-image-valign-top\"><div class=\"uagb-ifb-content\"><div class=\"uagb-ifb-title-wrap\"><h2 class=\"uagb-ifb-title\">D\u00e9couvrez la puissance de WP<\/h2><\/div><div class=\"uagb-ifb-separator\"><\/div><p class=\"uagb-ifb-desc\">Adoptez la puissance et la flexibilit\u00e9 de WordPress pour cr\u00e9er et g\u00e9rer votre site web. Que vous lanciez un nouveau projet ou cherchiez \u00e0 am\u00e9liorer un site existant, WordPress vous offre les outils et les fonctionnalit\u00e9s n\u00e9cessaires pour atteindre vos objectifs en ligne. Contactez-nous d\u00e8s aujourd&rsquo;hui pour d\u00e9couvrir comment nous pouvons vous aider \u00e0 tirer parti de WordPress pour vos besoins en d\u00e9veloppement web.  <\/p><\/div><\/div>\n<\/div><\/div>\n\n\n\n<div class=\"wp-block-uagb-info-box uagb-block-imzwstiv uagb-infobox__content-wrap  uagb-infobox-icon-above-title uagb-infobox-image-valign-top\"><div class=\"uagb-ifb-content\"><div class=\"uagb-ifb-title-wrap\"><h2 class=\"uagb-ifb-title\">D\u00e9couvrez la puissance de WP<\/h2><\/div><p class=\"uagb-ifb-desc\">Adoptez la puissance et la flexibilit\u00e9 de WordPress pour cr\u00e9er et g\u00e9rer votre site web. Que vous lanciez un nouveau projet ou cherchiez \u00e0 am\u00e9liorer un site existant, WordPress vous offre les outils et les fonctionnalit\u00e9s n\u00e9cessaires pour atteindre vos objectifs en ligne. Contactez-nous d\u00e8s aujourd&rsquo;hui pour d\u00e9couvrir comment nous pouvons vous aider \u00e0 tirer parti de WordPress pour vos besoins en d\u00e9veloppement web.  <\/p><\/div><\/div>\n\n\n\n<div class=\"wp-block-uagb-container uagb-block-ff397fad\">\n<div class=\"wp-block-uagb-container uagb-block-pmutu2wn\">\n<div class=\"wp-block-uagb-container uagb-block-ppgtjfzn\">\n<div class=\"wp-block-uagb-info-box uagb-block-bexcygmt uagb-infobox__content-wrap  uagb-infobox_cta-type-all uagb-infobox-icon-above-title uagb-infobox-image-valign-top\"><a href=\"https:\/\/www.blueprofilemedia.com\/contact\/\" class=\"uagb-infobox-link-wrap uagb-infbox__link-to-all\" target=\"_self\" aria-label=\"Infobox Link\" rel=\"noopener noreferrer\" onclick=\"return true;\"><\/a><div class=\"uagb-ifb-content\"><div class=\"uagb-ifb-title-wrap\"><p class=\"uagb-ifb-title-prefix\">01<\/p><h3 class=\"uagb-ifb-title\">D\u00e9veloppement personnalis\u00e9<\/h3><\/div><p class=\"uagb-ifb-desc\">Nous cr\u00e9ons des sites web WordPress sur mesure, adapt\u00e9s aux besoins et aux objectifs uniques de votre marque. Nous sommes sp\u00e9cialis\u00e9s dans l&rsquo;\u00e9laboration de solutions personnalis\u00e9es qui s&rsquo;alignent avec l&rsquo;identit\u00e9 et les objectifs sp\u00e9cifiques de votre marque, garantissant un site web performant, visuellement attrayant et Intuitif. <\/p><div class=\"uagb-ifb-button-wrapper wp-block-button\"><\/div><\/div><\/div>\n<\/div>\n\n\n\n<div class=\"wp-block-uagb-container uagb-block-mfahrgcx\">\n<div class=\"wp-block-uagb-info-box uagb-block-ye6xrftx uagb-infobox__content-wrap  uagb-infobox_cta-type-all uagb-infobox-icon-above-title uagb-infobox-image-valign-top\"><a href=\"https:\/\/www.blueprofilemedia.com\/contact\/\" class=\"uagb-infobox-link-wrap uagb-infbox__link-to-all\" target=\"_self\" aria-label=\"Infobox Link\" rel=\"noopener noreferrer\" onclick=\"return true;\"><\/a><div class=\"uagb-ifb-content\"><div class=\"uagb-ifb-title-wrap\"><p class=\"uagb-ifb-title-prefix\">02<\/p><h3 class=\"uagb-ifb-title\">Gestion de contenu<\/h3><\/div><p class=\"uagb-ifb-desc\">Nous proposons des services continus de gestion de contenu, incluant l&rsquo;ajout de nouveaux contenus, la mise \u00e0 jour des pages existantes et l&rsquo;assurance que le contenu de votre site web reste frais et pertinent.<\/p><div class=\"uagb-ifb-button-wrapper wp-block-button\"><\/div><\/div><\/div>\n<\/div>\n\n\n\n<div class=\"wp-block-uagb-container uagb-block-3a8b3f13\">\n<div class=\"wp-block-group is-content-justification-center is-layout-constrained wp-block-group-is-layout-constrained\">\n<div class=\"wp-block-uagb-info-box uagb-block-e77524cc uagb-infobox__content-wrap  uagb-infobox_cta-type-all uagb-infobox-icon-above-title uagb-infobox-image-valign-top\"><a href=\"https:\/\/www.blueprofilemedia.com\/contact\/\" class=\"uagb-infobox-link-wrap uagb-infbox__link-to-all\" target=\"_self\" aria-label=\"Infobox Link\" rel=\"noopener noreferrer\" onclick=\"return true;\"><\/a><div class=\"uagb-ifb-content\"><div class=\"uagb-ifb-title-wrap\"><p class=\"uagb-ifb-title-prefix\">03<\/p><h3 class=\"uagb-ifb-title\"><strong>Optimisation et strat\u00e9gie SEO<\/strong><\/h3><\/div><p class=\"uagb-ifb-desc\">Am\u00e9liorez la visibilit\u00e9 de votre site web et g\u00e9n\u00e9rez du trafic organique gr\u00e2ce \u00e0 nos services complets d&rsquo;optimisation SEO pour WordPress. Nous mettons en \u0153uvre des strat\u00e9gies SEO adapt\u00e9es aux besoins de votre entreprise, garantissant un meilleur classement de votre site dans les r\u00e9sultats des moteurs de recherche et une port\u00e9e efficace aupr\u00e8s de votre public cible. <\/p><div class=\"uagb-ifb-button-wrapper wp-block-button\"><\/div><\/div><\/div>\n<\/div>\n<\/div>\n<\/div>\n<\/div>\n\n\n\n<div class=\"wp-block-uagb-container uagb-block-45198975\">\n<div class=\"wp-block-uagb-container uagb-block-cbfdc5c9\">\n<div class=\"wp-block-uagb-info-box uagb-block-da518339 uagb-infobox__content-wrap  uagb-infobox_cta-type-all uagb-infobox-icon-above-title uagb-infobox-image-valign-top\"><a href=\"https:\/\/www.blueprofilemedia.com\/contact\/\" class=\"uagb-infobox-link-wrap uagb-infbox__link-to-all\" target=\"_self\" aria-label=\"Infobox Link\" rel=\"noopener noreferrer\" onclick=\"return true;\"><\/a><div class=\"uagb-ifb-content\"><div class=\"uagb-ifb-title-wrap\"><p class=\"uagb-ifb-title-prefix\">04<\/p><h3 class=\"uagb-ifb-title\">Personnalisation de th\u00e8mes<\/h3><\/div><p class=\"uagb-ifb-desc\">Nous personnalisons les th\u00e8mes WordPress existants pour qu&rsquo;ils correspondent \u00e0 l&rsquo;esth\u00e9tique de votre marque et \u00e0 vos exigences fonctionnelles. Notre \u00e9quipe d&rsquo;experts veille \u00e0 ce que votre site web soit unique et fonctionne de mani\u00e8re fluide. <\/p><div class=\"uagb-ifb-button-wrapper wp-block-button\"><\/div><\/div><\/div>\n<\/div>\n\n\n\n<div class=\"wp-block-uagb-container uagb-block-acf5a5b4\">\n<div class=\"wp-block-uagb-info-box uagb-block-8facbc84 uagb-infobox__content-wrap  uagb-infobox_cta-type-all uagb-infobox-icon-above-title uagb-infobox-image-valign-top\"><a href=\"https:\/\/www.blueprofilemedia.com\/contact\/\" class=\"uagb-infobox-link-wrap uagb-infbox__link-to-all\" target=\"_self\" aria-label=\"Infobox Link\" rel=\"noopener noreferrer\" onclick=\"return true;\"><\/a><div class=\"uagb-ifb-content\"><div class=\"uagb-ifb-title-wrap\"><p class=\"uagb-ifb-title-prefix\">05<\/p><h3 class=\"uagb-ifb-title\">Optimisation de la performance<\/h3><\/div><p class=\"uagb-ifb-desc\">Nous am\u00e9liorons les performances de votre site web en optimisant les temps de chargement, en r\u00e9duisant les taux de rebond et en assurant une exp\u00e9rience utilisateur fluide gr\u00e2ce \u00e0 la mise en cache, l&rsquo;optimisation des images et un codage efficace.<\/p><div class=\"uagb-ifb-button-wrapper wp-block-button\"><\/div><\/div><\/div>\n<\/div>\n\n\n\n<div class=\"wp-block-uagb-container uagb-block-af78ca3e\">\n<div class=\"wp-block-group is-content-justification-center is-layout-constrained wp-block-group-is-layout-constrained\">\n<div class=\"wp-block-uagb-info-box uagb-block-55ba4c73 uagb-infobox__content-wrap  uagb-infobox_cta-type-all uagb-infobox-icon-above-title uagb-infobox-image-valign-top\"><a href=\"https:\/\/www.blueprofilemedia.com\/contact\/\" class=\"uagb-infobox-link-wrap uagb-infbox__link-to-all\" target=\"_self\" aria-label=\"Infobox Link\" rel=\"noopener noreferrer\" onclick=\"return true;\"><\/a><div class=\"uagb-ifb-content\"><div class=\"uagb-ifb-title-wrap\"><p class=\"uagb-ifb-title-prefix\">06<\/p><h3 class=\"uagb-ifb-title\"><strong>Maintenance WordPress <\/strong><\/h3><\/div><p class=\"uagb-ifb-desc\">Nous offrons un support et une maintenance continus pour que votre site web reste \u00e0 jour, s\u00e9curis\u00e9 et performant. Nous g\u00e9rons les mises \u00e0 jour, r\u00e9solvons les probl\u00e8mes et assurons une surveillance r\u00e9guli\u00e8re des performances. <\/p><div class=\"uagb-ifb-button-wrapper wp-block-button\"><\/div><\/div><\/div>\n<\/div>\n<\/div>\n<\/div>\n<\/div><\/div>\n\n<div class=\"wp-block-uagb-container uagb-block-soejxusg alignfull uagb-is-root-container\"><div class=\"uagb-container-inner-blocks-wrap\">\n<div class=\"wp-block-uagb-info-box uagb-block-lhbxcdc2 uagb-infobox__content-wrap  uagb-infobox-icon-above-title uagb-infobox-image-valign-top wp-block-uagb-info-box--has-margin\"><div class=\"uagb-infobox-margin-wrapper\"><div class=\"uagb-ifb-content\"><div class=\"uagb-ifb-icon-wrap\"><svg xmlns=\"https:\/\/www.w3.org\/2000\/svg\" viewbox=\"0 0 512 512\"><path d=\"M61.7 169.4l101.5 278C92.2 413 43.3 340.2 43.3 256c0-30.9 6.6-60.1 18.4-86.6zm337.9 75.9c0-26.3-9.4-44.5-17.5-58.7-10.8-17.5-20.9-32.4-20.9-49.9 0-19.6 14.8-37.8 35.7-37.8 .9 0 1.8 .1 2.8 .2-37.9-34.7-88.3-55.9-143.7-55.9-74.3 0-139.7 38.1-177.8 95.9 5 .2 9.7 .3 13.7 .3 22.2 0 56.7-2.7 56.7-2.7 11.5-.7 12.8 16.2 1.4 17.5 0 0-11.5 1.3-24.3 2l77.5 230.4L249.8 247l-33.1-90.8c-11.5-.7-22.3-2-22.3-2-11.5-.7-10.1-18.2 1.3-17.5 0 0 35.1 2.7 56 2.7 22.2 0 56.7-2.7 56.7-2.7 11.5-.7 12.8 16.2 1.4 17.5 0 0-11.5 1.3-24.3 2l76.9 228.7 21.2-70.9c9-29.4 16-50.5 16-68.7zm-139.9 29.3l-63.8 185.5c19.1 5.6 39.2 8.7 60.1 8.7 24.8 0 48.5-4.3 70.6-12.1-.6-.9-1.1-1.9-1.5-2.9l-65.4-179.2zm183-120.7c.9 6.8 1.4 14 1.4 21.9 0 21.6-4 45.8-16.2 76.2l-65 187.9C426.2 403 468.7 334.5 468.7 256c0-37-9.4-71.8-26-102.1zM504 256c0 136.8-111.3 248-248 248C119.2 504 8 392.7 8 256 8 119.2 119.2 8 256 8c136.7 0 248 111.2 248 248zm-11.4 0c0-130.5-106.2-236.6-236.6-236.6C125.5 19.4 19.4 125.5 19.4 256S125.6 492.6 256 492.6c130.5 0 236.6-106.1 236.6-236.6z\"><\/path><\/svg><\/div><div class=\"uagb-ifb-title-wrap\"><h2 class=\"uagb-ifb-title\">B\u00e9n\u00e9fices de services WordPress<\/h2><\/div><\/div><\/div><\/div>\n\n\n\n<div class=\"wp-block-uagb-container uagb-block-uvp9bdiq\">\n<div class=\"wp-block-uagb-container uagb-block-9hy9m7sw\">\n<div class=\"wp-block-uagb-info-box uagb-block-43z1bxad uagb-infobox__content-wrap  uagb-infobox-icon-above-title uagb-infobox-image-valign-top\"><div class=\"uagb-ifb-content\"><div class=\"uagb-ifb-icon-wrap\"><div class=\"uagb-iconbox-icon-wrap uagb-infobox-shape-circle\"><svg xmlns=\"https:\/\/www.w3.org\/2000\/svg\" viewbox=\"0 0 448 512\"><path d=\"M438.6 105.4C451.1 117.9 451.1 138.1 438.6 150.6L182.6 406.6C170.1 419.1 149.9 419.1 137.4 406.6L9.372 278.6C-3.124 266.1-3.124 245.9 9.372 233.4C21.87 220.9 42.13 220.9 54.63 233.4L159.1 338.7L393.4 105.4C405.9 92.88 426.1 92.88 438.6 105.4H438.6z\"><\/path><\/svg><\/div><\/div><div class=\"uagb-ifb-title-wrap\"><p class=\"uagb-ifb-title\"><strong><strong><strong>Conception et d\u00e9veloppement professionnels<\/strong><\/strong> <\/strong><\/p><\/div><p class=\"uagb-ifb-desc\">Obtenez un site web WordPress visuellement attrayant et hautement fonctionnel, con\u00e7u sur mesure pour les besoins uniques de votre marque, assurant ainsi une exp\u00e9rience utilisateur fluide.<br\/><\/p><\/div><\/div>\n<\/div>\n\n\n\n<div class=\"wp-block-uagb-container uagb-block-bh71qgoe\">\n<div class=\"wp-block-uagb-info-box uagb-block-5ngezyl3 uagb-infobox__content-wrap  uagb-infobox-icon-above-title uagb-infobox-image-valign-top\"><div class=\"uagb-ifb-content\"><div class=\"uagb-ifb-icon-wrap\"><div class=\"uagb-iconbox-icon-wrap uagb-infobox-shape-circle\"><svg xmlns=\"https:\/\/www.w3.org\/2000\/svg\" viewbox=\"0 0 448 512\"><path d=\"M438.6 105.4C451.1 117.9 451.1 138.1 438.6 150.6L182.6 406.6C170.1 419.1 149.9 419.1 137.4 406.6L9.372 278.6C-3.124 266.1-3.124 245.9 9.372 233.4C21.87 220.9 42.13 220.9 54.63 233.4L159.1 338.7L393.4 105.4C405.9 92.88 426.1 92.88 438.6 105.4H438.6z\"><\/path><\/svg><\/div><\/div><div class=\"uagb-ifb-title-wrap\"><p class=\"uagb-ifb-title\"><strong><strong><strong><strong>Personnalisation et flexibilit\u00e9<\/strong><br\/><\/strong><\/strong><\/strong><\/p><\/div><p class=\"uagb-ifb-desc\">B\u00e9n\u00e9ficiez de vastes options de personnalisation avec des th\u00e8mes et des extensions qui vous permettent de cr\u00e9er un site web parfaitement align\u00e9 avec votre vision et vos objectifs.<br\/><\/p><\/div><\/div>\n<\/div>\n\n\n\n<div class=\"wp-block-uagb-container uagb-block-v96qlu6y\">\n<div class=\"wp-block-uagb-info-box uagb-block-xpc6ukrk uagb-infobox__content-wrap  uagb-infobox-icon-above-title uagb-infobox-image-valign-top\"><div class=\"uagb-ifb-content\"><div class=\"uagb-ifb-icon-wrap\"><div class=\"uagb-iconbox-icon-wrap uagb-infobox-shape-circle\"><svg xmlns=\"https:\/\/www.w3.org\/2000\/svg\" viewbox=\"0 0 448 512\"><path d=\"M438.6 105.4C451.1 117.9 451.1 138.1 438.6 150.6L182.6 406.6C170.1 419.1 149.9 419.1 137.4 406.6L9.372 278.6C-3.124 266.1-3.124 245.9 9.372 233.4C21.87 220.9 42.13 220.9 54.63 233.4L159.1 338.7L393.4 105.4C405.9 92.88 426.1 92.88 438.6 105.4H438.6z\"><\/path><\/svg><\/div><\/div><div class=\"uagb-ifb-title-wrap\"><p class=\"uagb-ifb-title\"><strong><strong><strong><strong>Optimisation et strat\u00e9gie SEO<\/strong><br\/><\/strong><\/strong><\/strong><\/p><\/div><p class=\"uagb-ifb-desc\">Am\u00e9liorez le classement de votre site web dans les moteurs de recherche gr\u00e2ce aux meilleures pratiques SEO, y compris des balises meta optimis\u00e9es, des permaliens et l&rsquo;int\u00e9gration avec de puissantes extensions SEO.<br\/><\/p><\/div><\/div>\n<\/div>\n<\/div>\n\n\n\n<div class=\"wp-block-uagb-container uagb-block-c87c957c\">\n<div class=\"wp-block-uagb-container uagb-block-8bfff838\">\n<div class=\"wp-block-uagb-info-box uagb-block-ac02be8a uagb-infobox__content-wrap  uagb-infobox-icon-above-title uagb-infobox-image-valign-top\"><div class=\"uagb-ifb-content\"><div class=\"uagb-ifb-icon-wrap\"><div class=\"uagb-iconbox-icon-wrap uagb-infobox-shape-circle\"><svg xmlns=\"https:\/\/www.w3.org\/2000\/svg\" viewbox=\"0 0 448 512\"><path d=\"M438.6 105.4C451.1 117.9 451.1 138.1 438.6 150.6L182.6 406.6C170.1 419.1 149.9 419.1 137.4 406.6L9.372 278.6C-3.124 266.1-3.124 245.9 9.372 233.4C21.87 220.9 42.13 220.9 54.63 233.4L159.1 338.7L393.4 105.4C405.9 92.88 426.1 92.88 438.6 105.4H438.6z\"><\/path><\/svg><\/div><\/div><div class=\"uagb-ifb-title-wrap\"><p class=\"uagb-ifb-title\"><strong><strong><strong><strong>Optimisation pour appareils mobiles<\/strong><br\/><\/strong><\/strong><\/strong><\/p><\/div><p class=\"uagb-ifb-desc\">Assurez-vous que le site web s&rsquo;affiche et fonctionne parfaitement sur tous les appareils, offrant une exp\u00e9rience de navigation optimale aux utilisateurs sur les ordinateurs de bureau, les tablettes et les smartphones.<br\/><\/p><\/div><\/div>\n<\/div>\n\n\n\n<div class=\"wp-block-uagb-container uagb-block-c8f48db8\">\n<div class=\"wp-block-uagb-info-box uagb-block-21c5e128 uagb-infobox__content-wrap  uagb-infobox-icon-above-title uagb-infobox-image-valign-top\"><div class=\"uagb-ifb-content\"><div class=\"uagb-ifb-icon-wrap\"><div class=\"uagb-iconbox-icon-wrap uagb-infobox-shape-circle\"><svg xmlns=\"https:\/\/www.w3.org\/2000\/svg\" viewbox=\"0 0 448 512\"><path d=\"M438.6 105.4C451.1 117.9 451.1 138.1 438.6 150.6L182.6 406.6C170.1 419.1 149.9 419.1 137.4 406.6L9.372 278.6C-3.124 266.1-3.124 245.9 9.372 233.4C21.87 220.9 42.13 220.9 54.63 233.4L159.1 338.7L393.4 105.4C405.9 92.88 426.1 92.88 438.6 105.4H438.6z\"><\/path><\/svg><\/div><\/div><div class=\"uagb-ifb-title-wrap\"><p class=\"uagb-ifb-title\"><strong><strong><strong><strong>Solutions rentables<\/strong><br\/><\/strong><\/strong><\/strong><\/p><\/div><p class=\"uagb-ifb-desc\">Profitez de la nature open source de WordPress, avec de nombreux th\u00e8mes et extensions gratuits disponibles, ce qui en fait une solution rentable pour le d\u00e9veloppement de sites web.<br\/><\/p><\/div><\/div>\n<\/div>\n\n\n\n<div class=\"wp-block-uagb-container uagb-block-32e0f523\">\n<div class=\"wp-block-uagb-info-box uagb-block-c6c30e53 uagb-infobox__content-wrap  uagb-infobox-icon-above-title uagb-infobox-image-valign-top\"><div class=\"uagb-ifb-content\"><div class=\"uagb-ifb-icon-wrap\"><div class=\"uagb-iconbox-icon-wrap uagb-infobox-shape-circle\"><svg xmlns=\"https:\/\/www.w3.org\/2000\/svg\" viewbox=\"0 0 448 512\"><path d=\"M438.6 105.4C451.1 117.9 451.1 138.1 438.6 150.6L182.6 406.6C170.1 419.1 149.9 419.1 137.4 406.6L9.372 278.6C-3.124 266.1-3.124 245.9 9.372 233.4C21.87 220.9 42.13 220.9 54.63 233.4L159.1 338.7L393.4 105.4C405.9 92.88 426.1 92.88 438.6 105.4H438.6z\"><\/path><\/svg><\/div><\/div><div class=\"uagb-ifb-title-wrap\"><p class=\"uagb-ifb-title\"><strong><strong><strong><strong>Optimisation de la performance<\/strong><br\/><\/strong><\/strong><\/strong><\/p><\/div><p class=\"uagb-ifb-desc\">B\u00e9n\u00e9ficiez de temps de chargement rapides et de performances fluides gr\u00e2ce \u00e0 nos techniques d&rsquo;optimisation, y compris la mise en cache, la compression d&rsquo;images et l&rsquo;affinage du code.<\/p><\/div><\/div>\n<\/div>\n<\/div>\n<\/div><\/div>\n\n<div class=\"wp-block-uagb-container uagb-block-63cd52b0 alignfull uagb-is-root-container\"><div class=\"uagb-container-inner-blocks-wrap\">\n<div class=\"wp-block-uagb-container uagb-block-b997312a alignfull uagb-is-root-container\"><div class=\"uagb-container-inner-blocks-wrap\">\n<div class=\"wp-block-uagb-container uagb-block-c0063105\">\n<div class=\"wp-block-uagb-container uagb-block-03658cb9\">\n<div class=\"wp-block-uagb-advanced-heading uagb-block-fe200ecb\"><h3 class=\"uagb-heading-text\">Obtenez un site puissant con\u00e7u sur la plateforme num\u00e9ro 1 au monde. Cr\u00e9er mon site web WordPress <\/h3><\/div>\n<\/div>\n\n\n\n<div class=\"wp-block-uagb-container uagb-block-bc692aa6\">\n<div class=\"wp-block-uagb-buttons uagb-buttons__outer-wrap uagb-btn__default-btn uagb-btn-tablet__default-btn uagb-btn-mobile__default-btn uagb-block-7e52e495\"><div class=\"uagb-buttons__wrap uagb-buttons-layout-wrap \">\n<div class=\"wp-block-uagb-buttons-child uagb-buttons__outer-wrap uagb-block-d746d711 wp-block-button\"><div class=\"uagb-button__wrapper\"><a class=\"uagb-buttons-repeater wp-block-button__link\" aria-label=\"\" href=\"tel:+15148864635\" rel=\"follow noopener\" target=\"_self\" role=\"button\"><div class=\"uagb-button__link\">514-886-4635<\/div><\/a><\/div><\/div>\n<\/div><\/div>\n<\/div>\n<\/div>\n<\/div><\/div>\n<\/div><\/div>\n","protected":false},"excerpt":{"rendered":"<p>Obtenez un site puissant con\u00e7u sur la plateforme num\u00e9ro 1 au monde. Cr\u00e9er mon site web WordPress<\/p>\n","protected":false},"author":1,"featured_media":0,"parent":0,"menu_order":0,"comment_status":"closed","ping_status":"closed","template":"","meta":{"_uag_custom_page_level_css":"","site-sidebar-layout":"no-sidebar","site-content-layout":"page-builder","ast-site-content-layout":"full-width-container","site-content-style":"unboxed","site-sidebar-style":"unboxed","ast-global-header-display":"","ast-banner-title-visibility":"","ast-main-header-display":"","ast-hfb-above-header-display":"","ast-hfb-below-header-display":"","ast-hfb-mobile-header-display":"","site-post-title":"disabled","ast-breadcrumbs-content":"","ast-featured-img":"disabled","footer-sml-layout":"","ast-disable-related-posts":"","theme-transparent-header-meta":"enabled","adv-header-id-meta":"","stick-header-meta":"","header-above-stick-meta":"","header-main-stick-meta":"","header-below-stick-meta":"","astra-migrate-meta-layouts":"default","ast-page-background-enabled":"default","ast-page-background-meta":{"desktop":{"background-color":"","background-image":"","background-repeat":"repeat","background-position":"center center","background-size":"auto","background-attachment":"scroll","background-type":"","background-media":"","overlay-type":"","overlay-color":"","overlay-opacity":"","overlay-gradient":""},"tablet":{"background-color":"","background-image":"","background-repeat":"repeat","background-position":"center center","background-size":"auto","background-attachment":"scroll","background-type":"","background-media":"","overlay-type":"","overlay-color":"","overlay-opacity":"","overlay-gradient":""},"mobile":{"background-color":"","background-image":"","background-repeat":"repeat","background-position":"center center","background-size":"auto","background-attachment":"scroll","background-type":"","background-media":"","overlay-type":"","overlay-color":"","overlay-opacity":"","overlay-gradient":""}},"ast-content-background-meta":{"desktop":{"background-color":"var(--ast-global-color-5)","background-image":"","background-repeat":"repeat","background-position":"center center","background-size":"auto","background-attachment":"scroll","background-type":"","background-media":"","overlay-type":"","overlay-color":"","overlay-opacity":"","overlay-gradient":""},"tablet":{"background-color":"var(--ast-global-color-5)","background-image":"","background-repeat":"repeat","background-position":"center center","background-size":"auto","background-attachment":"scroll","background-type":"","background-media":"","overlay-type":"","overlay-color":"","overlay-opacity":"","overlay-gradient":""},"mobile":{"background-color":"var(--ast-global-color-5)","background-image":"","background-repeat":"repeat","background-position":"center center","background-size":"auto","background-attachment":"scroll","background-type":"","background-media":"","overlay-type":"","overlay-color":"","overlay-opacity":"","overlay-gradient":""}},"footnotes":""},"class_list":["post-4633","page","type-page","status-publish","hentry"],"uagb_featured_image_src":{"full":false,"thumbnail":false,"medium":false,"medium_large":false,"large":false,"1536x1536":false,"2048x2048":false},"uagb_author_info":{"display_name":"blueprofilemedia.com","author_link":"https:\/\/blueprofilemedia.com\/fr\/author\/blueprofilemedia-com\/"},"uagb_comment_info":0,"uagb_excerpt":"Obtenez un site puissant con\u00e7u sur la plateforme num\u00e9ro 1 au monde. Cr\u00e9er mon site web WordPress","_links":{"self":[{"href":"https:\/\/blueprofilemedia.com\/fr\/wp-json\/wp\/v2\/pages\/4633","targetHints":{"allow":["GET"]}}],"collection":[{"href":"https:\/\/blueprofilemedia.com\/fr\/wp-json\/wp\/v2\/pages"}],"about":[{"href":"https:\/\/blueprofilemedia.com\/fr\/wp-json\/wp\/v2\/types\/page"}],"author":[{"embeddable":true,"href":"https:\/\/blueprofilemedia.com\/fr\/wp-json\/wp\/v2\/users\/1"}],"replies":[{"embeddable":true,"href":"https:\/\/blueprofilemedia.com\/fr\/wp-json\/wp\/v2\/comments?post=4633"}],"version-history":[{"count":0,"href":"https:\/\/blueprofilemedia.com\/fr\/wp-json\/wp\/v2\/pages\/4633\/revisions"}],"wp:attachment":[{"href":"https:\/\/blueprofilemedia.com\/fr\/wp-json\/wp\/v2\/media?parent=4633"}],"curies":[{"name":"wp","href":"https:\/\/api.w.org\/{rel}","templated":true}]}}