{"id":4625,"date":"2024-05-07T02:27:31","date_gmt":"2024-05-07T01:27:31","guid":{"rendered":"https:\/\/blueprofilemedia.com\/seo-local\/"},"modified":"2026-03-31T20:36:10","modified_gmt":"2026-03-31T19:36:10","slug":"seo-local","status":"publish","type":"page","link":"https:\/\/blueprofilemedia.com\/fr\/seo-local\/","title":{"rendered":"SEO Local"},"content":{"rendered":"\n<div class=\"wp-block-uagb-container uagb-block-78fbda14 alignfull uagb-is-root-container\"><div class=\"uagb-container-inner-blocks-wrap\">\n<div class=\"wp-block-uagb-info-box uagb-block-614c16d2 uagb-infobox__content-wrap  uagb-infobox-icon-above-title uagb-infobox-image-valign-top\"><div class=\"uagb-ifb-content\"><div class=\"uagb-ifb-title-wrap\"><h5 class=\"uagb-ifb-title-prefix\"><strong>SEO Local<\/strong><\/h5><h5 class=\"uagb-ifb-title\"><br\/><strong>Le SEO local peut accro\u00eetre efficacement votre visibilit\u00e9 en ligne lors des recherches locales, attirer davantage de clients et b\u00e2tir une pr\u00e9sence solide au sein de votre communaut\u00e9.<\/strong><\/h5><\/div><div class=\"uagb-ifb-button-wrapper wp-block-button\"><a href=\"https:\/\/blueprofilemedia.com\/fr\/contact\/\" class=\"uagb-infobox-cta-link wp-block-button__link\" target=\"_self\" rel=\"noopener noreferrer\" onclick=\"return true;\"><span class=\"uagb-inline-editing\">DEMANDER UNE SOUMISSION<\/span><\/a><\/div><\/div><\/div>\n<\/div><\/div>\n\n<div class=\"wp-block-uagb-container uagb-block-jvtqdy5b alignfull uagb-is-root-container\"><div class=\"uagb-container-inner-blocks-wrap\">\n<div class=\"wp-block-uagb-container uagb-block-c8zrydfn alignfull uagb-is-root-container\"><div class=\"uagb-container-inner-blocks-wrap\">\n<div class=\"wp-block-uagb-image aligncenter uagb-block-c2pr6isk wp-block-uagb-image--layout-default wp-block-uagb-image--effect-static wp-block-uagb-image--align-center alignleft\"><figure class=\"wp-block-uagb-image__figure\"><img decoding=\"async\" srcset=\"https:\/\/blueprofilemedia.com\/wp-content\/uploads\/2026\/03\/Blue-Profile-Media-Local-SEO-450.jpg ,https:\/\/blueprofilemedia.com\/wp-content\/uploads\/2026\/03\/Blue-Profile-Media-Local-SEO-450.jpg 780w, https:\/\/blueprofilemedia.com\/wp-content\/uploads\/2026\/03\/Blue-Profile-Media-Local-SEO-450.jpg 360w\" sizes=\"auto, (max-width: 480px) 150px\" src=\"https:\/\/blueprofilemedia.com\/wp-content\/uploads\/2026\/03\/Blue-Profile-Media-Local-SEO-450.jpg\" alt=\"Une carte isom\u00e9trique 3D en cristal bleu avec une loupe au-dessus de points de localisation, repr\u00e9sentant les services de SEO local par Blue Profile Media.\" class=\"uag-image-4899\" width=\"450\" height=\"245\" title=\"services-seo-local-blue-profile-media-graphique-isometrique\" loading=\"lazy\" role=\"img\"><\/figure><\/div>\n\n\n\n<div class=\"wp-block-uagb-info-box uagb-block-jcf8hcvo uagb-infobox__content-wrap  uagb-infobox-icon-above-title uagb-infobox-image-valign-top\"><div class=\"uagb-ifb-content\"><div class=\"uagb-ifb-title-wrap\"><h2 class=\"uagb-ifb-title\">Services de SEO local : Dominez Google Maps et les recherches locales<\/h2><\/div><div class=\"uagb-ifb-separator\"><\/div><p class=\"uagb-ifb-desc\">Alors que le SEO classique cherche une port\u00e9e globale, le SEO local mise tout sur la proximit\u00e9. Nous optimisons votre pr\u00e9sence pour capturer les recherches \u00ab pr\u00e8s de chez moi \u00bb et les requ\u00eates sp\u00e9cifiques \u00e0 votre ville.<br\/>Chez Blue Profile Media, nous b\u00e2tissons votre strat\u00e9gie en suivant rigoureusement les <a href=\"https:\/\/support.google.com\/business\/answer\/7091?hl=en\" target=\"_blank\" rel=\"noopener\">facteurs de positionnement de Google<\/a>. Citations, avis, contenu : tout est orchestr\u00e9 pour maximiser votre visibilit\u00e9. Prenez le contr\u00f4le de votre r\u00e9f\u00e9rencement local d\u00e8s maintenant pour atteindre votre audience cible et dominer votre march\u00e9.  <\/p><\/div><\/div>\n<\/div><\/div>\n\n\n\n<div class=\"wp-block-uagb-container uagb-block-gsojop84\">\n<div class=\"wp-block-uagb-container uagb-block-pmutu2wn\">\n<div class=\"wp-block-uagb-container uagb-block-ppgtjfzn\">\n<div class=\"wp-block-uagb-info-box uagb-block-bexcygmt uagb-infobox__content-wrap  uagb-infobox_cta-type-all uagb-infobox-icon-above-title uagb-infobox-image-valign-top\"><a href=\"https:\/\/www.blueprofilemedia.com\/contact\/\" class=\"uagb-infobox-link-wrap uagb-infbox__link-to-all\" target=\"_self\" aria-label=\"Infobox Link\" rel=\"noopener noreferrer\" onclick=\"return true;\"><\/a><div class=\"uagb-ifb-content\"><div class=\"uagb-ifb-title-wrap\"><p class=\"uagb-ifb-title-prefix\">01<\/p><h3 class=\"uagb-ifb-title\">SEO GBP<\/h3><\/div><p class=\"uagb-ifb-desc\">L\u2019optimisation de votre profil GMB est essentielle pour am\u00e9liorer votre SEO local et garantir que les clients potentiels puissent facilement trouver votre entreprise et interagir avec elle en ligne. Ce processus implique de fournir des informations professionnelles pr\u00e9cises, de t\u00e9l\u00e9charger des photos de haute qualit\u00e9, de recueillir des avis et de publier r\u00e9guli\u00e8rement des mises \u00e0 jour. <\/p><div class=\"uagb-ifb-button-wrapper wp-block-button\"><\/div><\/div><\/div>\n<\/div>\n\n\n\n<div class=\"wp-block-uagb-container uagb-block-mfahrgcx\">\n<div class=\"wp-block-uagb-info-box uagb-block-ye6xrftx uagb-infobox__content-wrap  uagb-infobox_cta-type-all uagb-infobox-icon-above-title uagb-infobox-image-valign-top\"><a href=\"https:\/\/www.blueprofilemedia.com\/contact\/\" class=\"uagb-infobox-link-wrap uagb-infbox__link-to-all\" target=\"_self\" aria-label=\"Infobox Link\" rel=\"noopener noreferrer\" onclick=\"return true;\"><\/a><div class=\"uagb-ifb-content\"><div class=\"uagb-ifb-title-wrap\"><p class=\"uagb-ifb-title-prefix\">02<\/p><h3 class=\"uagb-ifb-title\">SEO interne<\/h3><\/div><p class=\"uagb-ifb-desc\">Nos services SEO couvrent l\u2019optimisation on-page en int\u00e9grant des mots-cl\u00e9s locaux, des balises m\u00e9ta, des en-t\u00eates, l\u2019optimisation des balises de titre, des m\u00e9ta-descriptions et la cr\u00e9ation de contenu localis\u00e9 attrayant. En vous concentrant sur ces techniques de SEO on-page, vous pouvez am\u00e9liorer la visibilit\u00e9 de votre site web dans les r\u00e9sultats des moteurs de recherche et attirer un trafic plus cibl\u00e9. <\/p><div class=\"uagb-ifb-button-wrapper wp-block-button\"><\/div><\/div><\/div>\n<\/div>\n\n\n\n<div class=\"wp-block-uagb-container uagb-block-3a8b3f13\">\n<div class=\"wp-block-group is-content-justification-center is-layout-constrained wp-block-group-is-layout-constrained\">\n<div class=\"wp-block-uagb-info-box uagb-block-e77524cc uagb-infobox__content-wrap  uagb-infobox_cta-type-all uagb-infobox-icon-above-title uagb-infobox-image-valign-top\"><a href=\"https:\/\/www.blueprofilemedia.com\/contact\/\" class=\"uagb-infobox-link-wrap uagb-infbox__link-to-all\" target=\"_self\" aria-label=\"Infobox Link\" rel=\"noopener noreferrer\" onclick=\"return true;\"><\/a><div class=\"uagb-ifb-content\"><div class=\"uagb-ifb-title-wrap\"><p class=\"uagb-ifb-title-prefix\">03<\/p><h3 class=\"uagb-ifb-title\"><strong>Citations locales<\/strong><\/h3><\/div><p class=\"uagb-ifb-desc\">Les liens de citation d\u2019entreprise en ligne sont des r\u00e9f\u00e9rences aux informations de votre entreprise sur divers annuaires et plateformes web. La cr\u00e9ation de ces liens est cruciale pour am\u00e9liorer le SEO local, renforcer votre visibilit\u00e9 en ligne et \u00e9tablir votre cr\u00e9dibilit\u00e9. <\/p><div class=\"uagb-ifb-button-wrapper wp-block-button\"><\/div><\/div><\/div>\n<\/div>\n<\/div>\n<\/div>\n<\/div>\n\n\n\n<div class=\"wp-block-uagb-container uagb-block-d0869641\">\n<div class=\"wp-block-uagb-container uagb-block-875f8533\">\n<div class=\"wp-block-uagb-container uagb-block-5d6bd361\">\n<div class=\"wp-block-uagb-info-box uagb-block-438e074a uagb-infobox__content-wrap  uagb-infobox_cta-type-all uagb-infobox-icon-above-title uagb-infobox-image-valign-top\"><a href=\"https:\/\/www.blueprofilemedia.com\/contact\/\" class=\"uagb-infobox-link-wrap uagb-infbox__link-to-all\" target=\"_self\" aria-label=\"Infobox Link\" rel=\"noopener noreferrer\" onclick=\"return true;\"><\/a><div class=\"uagb-ifb-content\"><div class=\"uagb-ifb-title-wrap\"><p class=\"uagb-ifb-title-prefix\">04<\/p><h3 class=\"uagb-ifb-title\">Backlinks locaux<\/h3><\/div><p class=\"uagb-ifb-desc\">Les backlinks locaux sont des liens entrants provenant d\u2019autres sites ou pages web pertinents pour votre activit\u00e9 et bas\u00e9s dans la m\u00eame zone g\u00e9ographique. Ces liens jouent un r\u00f4le crucial dans les efforts d\u2019optimisation pour les moteurs de recherche (SEO) locaux et peuvent influencer consid\u00e9rablement la visibilit\u00e9 de votre entreprise dans les r\u00e9sultats de recherche locaux. <\/p><div class=\"uagb-ifb-button-wrapper wp-block-button\"><\/div><\/div><\/div>\n<\/div>\n\n\n\n<div class=\"wp-block-uagb-container uagb-block-e3e2cb08\">\n<div class=\"wp-block-uagb-info-box uagb-block-e57fd5ba uagb-infobox__content-wrap  uagb-infobox_cta-type-all uagb-infobox-icon-above-title uagb-infobox-image-valign-top\"><a href=\"https:\/\/www.blueprofilemedia.com\/contact\/\" class=\"uagb-infobox-link-wrap uagb-infbox__link-to-all\" target=\"_self\" aria-label=\"Infobox Link\" rel=\"noopener noreferrer\" onclick=\"return true;\"><\/a><div class=\"uagb-ifb-content\"><div class=\"uagb-ifb-title-wrap\"><p class=\"uagb-ifb-title-prefix\">05<\/p><h3 class=\"uagb-ifb-title\">Contenu localis\u00e9<\/h3><\/div><p class=\"uagb-ifb-desc\">Le contenu localis\u00e9 vise \u00e0 r\u00e9pondre aux int\u00e9r\u00eats, besoins et pr\u00e9f\u00e9rences uniques des personnes situ\u00e9es dans un lieu particulier. La cr\u00e9ation de contenu localis\u00e9 est essentielle pour les entreprises ciblant des march\u00e9s locaux et peut consid\u00e9rablement renforcer leurs efforts de SEO local. <\/p><div class=\"uagb-ifb-button-wrapper wp-block-button\"><\/div><\/div><\/div>\n<\/div>\n\n\n\n<div class=\"wp-block-uagb-container uagb-block-4480fc6d\">\n<div class=\"wp-block-group is-content-justification-center is-layout-constrained wp-block-group-is-layout-constrained\">\n<div class=\"wp-block-uagb-info-box uagb-block-22b47beb uagb-infobox__content-wrap  uagb-infobox_cta-type-all uagb-infobox-icon-above-title uagb-infobox-image-valign-top\"><a href=\"https:\/\/www.blueprofilemedia.com\/contact\/\" class=\"uagb-infobox-link-wrap uagb-infbox__link-to-all\" target=\"_self\" aria-label=\"Infobox Link\" rel=\"noopener noreferrer\" onclick=\"return true;\"><\/a><div class=\"uagb-ifb-content\"><div class=\"uagb-ifb-title-wrap\"><p class=\"uagb-ifb-title-prefix\">06<\/p><h3 class=\"uagb-ifb-title\"><strong>Gestion des avis<\/strong><\/h3><\/div><p class=\"uagb-ifb-desc\">En g\u00e9rant activement les avis, qu\u2019ils soient positifs ou n\u00e9gatifs, les entreprises peuvent tirer parti des commentaires des clients pour am\u00e9liorer leurs produits, leurs services et l\u2019exp\u00e9rience client globale, ce qui accro\u00eet la confiance, la cr\u00e9dibilit\u00e9 et am\u00e9liore vos classements dans les recherches locales.<\/p><div class=\"uagb-ifb-button-wrapper wp-block-button\"><\/div><\/div><\/div>\n<\/div>\n<\/div>\n<\/div>\n<\/div>\n<\/div><\/div>\n\n<div class=\"wp-block-uagb-container uagb-block-soejxusg alignfull uagb-is-root-container\"><div class=\"uagb-container-inner-blocks-wrap\">\n<div class=\"wp-block-uagb-info-box uagb-block-lhbxcdc2 uagb-infobox__content-wrap  uagb-infobox-icon-above-title uagb-infobox-image-valign-top wp-block-uagb-info-box--has-margin\"><div class=\"uagb-infobox-margin-wrapper\"><div class=\"uagb-ifb-content\"><div class=\"uagb-ifb-icon-wrap\"><svg xmlns=\"https:\/\/www.w3.org\/2000\/svg\" viewbox=\"0 0 384 512\"><path d=\"M168.3 499.2C116.1 435 0 279.4 0 192C0 85.96 85.96 0 192 0C298 0 384 85.96 384 192C384 279.4 267 435 215.7 499.2C203.4 514.5 180.6 514.5 168.3 499.2H168.3zM192 256C227.3 256 256 227.3 256 192C256 156.7 227.3 128 192 128C156.7 128 128 156.7 128 192C128 227.3 156.7 256 192 256z\"><\/path><\/svg><\/div><div class=\"uagb-ifb-title-wrap\"><h2 class=\"uagb-ifb-title\">B\u00e9n\u00e9fices du SEO local<\/h2><\/div><\/div><\/div><\/div>\n\n\n\n<div class=\"wp-block-uagb-container uagb-block-uvp9bdiq\">\n<div class=\"wp-block-uagb-container uagb-block-9hy9m7sw\">\n<div class=\"wp-block-uagb-info-box uagb-block-43z1bxad uagb-infobox__content-wrap  uagb-infobox-icon-above-title uagb-infobox-image-valign-top\"><div class=\"uagb-ifb-content\"><div class=\"uagb-ifb-icon-wrap\"><div class=\"uagb-iconbox-icon-wrap uagb-infobox-shape-circle\"><svg xmlns=\"https:\/\/www.w3.org\/2000\/svg\" viewbox=\"0 0 448 512\"><path d=\"M438.6 105.4C451.1 117.9 451.1 138.1 438.6 150.6L182.6 406.6C170.1 419.1 149.9 419.1 137.4 406.6L9.372 278.6C-3.124 266.1-3.124 245.9 9.372 233.4C21.87 220.9 42.13 220.9 54.63 233.4L159.1 338.7L393.4 105.4C405.9 92.88 426.1 92.88 438.6 105.4H438.6z\"><\/path><\/svg><\/div><\/div><div class=\"uagb-ifb-title-wrap\"><p class=\"uagb-ifb-title\"><strong><strong>Visibilit\u00e9 en ligne<\/strong> <\/strong><\/p><\/div><p class=\"uagb-ifb-desc\">Am\u00e9liorez la pr\u00e9sence de votre entreprise sur les moteurs de recherche, permettant ainsi aux clients locaux de vous trouver plus facilement lorsqu\u2019ils recherchent les produits ou services que vous proposez.<\/p><\/div><\/div>\n<\/div>\n\n\n\n<div class=\"wp-block-uagb-container uagb-block-bh71qgoe\">\n<div class=\"wp-block-uagb-info-box uagb-block-5ngezyl3 uagb-infobox__content-wrap  uagb-infobox-icon-above-title uagb-infobox-image-valign-top\"><div class=\"uagb-ifb-content\"><div class=\"uagb-ifb-icon-wrap\"><div class=\"uagb-iconbox-icon-wrap uagb-infobox-shape-circle\"><svg xmlns=\"https:\/\/www.w3.org\/2000\/svg\" viewbox=\"0 0 448 512\"><path d=\"M438.6 105.4C451.1 117.9 451.1 138.1 438.6 150.6L182.6 406.6C170.1 419.1 149.9 419.1 137.4 406.6L9.372 278.6C-3.124 266.1-3.124 245.9 9.372 233.4C21.87 220.9 42.13 220.9 54.63 233.4L159.1 338.7L393.4 105.4C405.9 92.88 426.1 92.88 438.6 105.4H438.6z\"><\/path><\/svg><\/div><\/div><div class=\"uagb-ifb-title-wrap\"><p class=\"uagb-ifb-title\"><strong><strong><strong>Trafic cibl\u00e9<\/strong><br\/><\/strong><\/strong><\/p><\/div><p class=\"uagb-ifb-desc\">G\u00e9n\u00e9rez un trafic hautement cibl\u00e9 vers votre site web de la part d\u2019utilisateurs qui recherchent sp\u00e9cifiquement des entreprises locales dans votre r\u00e9gion, augmentant ainsi la probabilit\u00e9 de conversions.<br\/><\/p><\/div><\/div>\n<\/div>\n\n\n\n<div class=\"wp-block-uagb-container uagb-block-v96qlu6y\">\n<div class=\"wp-block-uagb-info-box uagb-block-xpc6ukrk uagb-infobox__content-wrap  uagb-infobox-icon-above-title uagb-infobox-image-valign-top\"><div class=\"uagb-ifb-content\"><div class=\"uagb-ifb-icon-wrap\"><div class=\"uagb-iconbox-icon-wrap uagb-infobox-shape-circle\"><svg xmlns=\"https:\/\/www.w3.org\/2000\/svg\" viewbox=\"0 0 448 512\"><path d=\"M438.6 105.4C451.1 117.9 451.1 138.1 438.6 150.6L182.6 406.6C170.1 419.1 149.9 419.1 137.4 406.6L9.372 278.6C-3.124 266.1-3.124 245.9 9.372 233.4C21.87 220.9 42.13 220.9 54.63 233.4L159.1 338.7L393.4 105.4C405.9 92.88 426.1 92.88 438.6 105.4H438.6z\"><\/path><\/svg><\/div><\/div><div class=\"uagb-ifb-title-wrap\"><p class=\"uagb-ifb-title\"><strong><strong><strong>Taux de conversion plus \u00e9lev\u00e9s<\/strong><br\/><\/strong><\/strong><\/p><\/div><p class=\"uagb-ifb-desc\">Les recherches locales ont souvent une intention d\u2019achat \u00e9lev\u00e9e, ce qui signifie que les utilisateurs sont plus susceptibles de se transformer en clients. En apparaissant dans les r\u00e9sultats de recherche locaux, vous pouvez capturer ces prospects \u00e0 forte intention.  <\/p><\/div><\/div>\n<\/div>\n\n\n\n<div class=\"wp-block-uagb-container uagb-block-fxp9rote\">\n<div class=\"wp-block-uagb-info-box uagb-block-i4fkucnw uagb-infobox__content-wrap  uagb-infobox-icon-above-title uagb-infobox-image-valign-top\"><div class=\"uagb-ifb-content\"><div class=\"uagb-ifb-icon-wrap\"><div class=\"uagb-iconbox-icon-wrap uagb-infobox-shape-circle\"><svg xmlns=\"https:\/\/www.w3.org\/2000\/svg\" viewbox=\"0 0 448 512\"><path d=\"M438.6 105.4C451.1 117.9 451.1 138.1 438.6 150.6L182.6 406.6C170.1 419.1 149.9 419.1 137.4 406.6L9.372 278.6C-3.124 266.1-3.124 245.9 9.372 233.4C21.87 220.9 42.13 220.9 54.63 233.4L159.1 338.7L393.4 105.4C405.9 92.88 426.1 92.88 438.6 105.4H438.6z\"><\/path><\/svg><\/div><\/div><div class=\"uagb-ifb-title-wrap\"><p class=\"uagb-ifb-title\"><strong><strong><strong>Classement SEO local am\u00e9lior\u00e9<\/strong><\/strong><\/strong><\/p><\/div><p class=\"uagb-ifb-desc\">Am\u00e9liorez vos classements sur les pages de r\u00e9sultats des moteurs de recherche (SERP) pour les requ\u00eates locales, y compris les recherches convoit\u00e9es \u00ab \u00e0 proximit\u00e9 \u00bb, vous assurant ainsi d\u2019atteindre les clients locaux au bon moment.<\/p><\/div><\/div>\n<\/div>\n<\/div>\n\n\n\n<div class=\"wp-block-uagb-container uagb-block-c87c957c\">\n<div class=\"wp-block-uagb-container uagb-block-8bfff838\">\n<div class=\"wp-block-uagb-info-box uagb-block-ac02be8a uagb-infobox__content-wrap  uagb-infobox-icon-above-title uagb-infobox-image-valign-top\"><div class=\"uagb-ifb-content\"><div class=\"uagb-ifb-icon-wrap\"><div class=\"uagb-iconbox-icon-wrap uagb-infobox-shape-circle\"><svg xmlns=\"https:\/\/www.w3.org\/2000\/svg\" viewbox=\"0 0 448 512\"><path d=\"M438.6 105.4C451.1 117.9 451.1 138.1 438.6 150.6L182.6 406.6C170.1 419.1 149.9 419.1 137.4 406.6L9.372 278.6C-3.124 266.1-3.124 245.9 9.372 233.4C21.87 220.9 42.13 220.9 54.63 233.4L159.1 338.7L393.4 105.4C405.9 92.88 426.1 92.88 438.6 105.4H438.6z\"><\/path><\/svg><\/div><\/div><div class=\"uagb-ifb-title-wrap\"><p class=\"uagb-ifb-title\"><strong><strong><strong>Optimisation compl\u00e8te de votre profil Google<\/strong><\/strong> <\/strong><\/p><\/div><p class=\"uagb-ifb-desc\">Optimisez votre profil GMB avec des informations pr\u00e9cises, des photos et des avis, vous aidant ainsi \u00e0 vous d\u00e9marquer dans les r\u00e9sultats de recherche locaux et \u00e0 attirer plus de clients.<\/p><\/div><\/div>\n<\/div>\n\n\n\n<div class=\"wp-block-uagb-container uagb-block-c8f48db8\">\n<div class=\"wp-block-uagb-info-box uagb-block-21c5e128 uagb-infobox__content-wrap  uagb-infobox-icon-above-title uagb-infobox-image-valign-top\"><div class=\"uagb-ifb-content\"><div class=\"uagb-ifb-icon-wrap\"><div class=\"uagb-iconbox-icon-wrap uagb-infobox-shape-circle\"><svg xmlns=\"https:\/\/www.w3.org\/2000\/svg\" viewbox=\"0 0 448 512\"><path d=\"M438.6 105.4C451.1 117.9 451.1 138.1 438.6 150.6L182.6 406.6C170.1 419.1 149.9 419.1 137.4 406.6L9.372 278.6C-3.124 266.1-3.124 245.9 9.372 233.4C21.87 220.9 42.13 220.9 54.63 233.4L159.1 338.7L393.4 105.4C405.9 92.88 426.1 92.88 438.6 105.4H438.6z\"><\/path><\/svg><\/div><\/div><div class=\"uagb-ifb-title-wrap\"><p class=\"uagb-ifb-title\"><strong><strong><strong>B\u00e2tir une confiance et une autorit\u00e9 \u00e0 long terme<\/strong><\/strong> <\/strong><\/p><\/div><p class=\"uagb-ifb-desc\">Nous \u00e9tablissons une confiance durable en veillant \u00e0 ce que les coordonn\u00e9es de votre entreprise soient coh\u00e9rentes sur des plateformes \u00e0 haute autorit\u00e9 telles que Yelp, BBB et Apple Maps. Cela consolide votre autorit\u00e9 en ligne et donne aux clients la confiance dont ils ont besoin pour choisir votre petite entreprise. <\/p><\/div><\/div>\n<\/div>\n\n\n\n<div class=\"wp-block-uagb-container uagb-block-32e0f523\">\n<div class=\"wp-block-uagb-info-box uagb-block-c6c30e53 uagb-infobox__content-wrap  uagb-infobox-icon-above-title uagb-infobox-image-valign-top\"><div class=\"uagb-ifb-content\"><div class=\"uagb-ifb-icon-wrap\"><div class=\"uagb-iconbox-icon-wrap uagb-infobox-shape-circle\"><svg xmlns=\"https:\/\/www.w3.org\/2000\/svg\" viewbox=\"0 0 448 512\"><path d=\"M438.6 105.4C451.1 117.9 451.1 138.1 438.6 150.6L182.6 406.6C170.1 419.1 149.9 419.1 137.4 406.6L9.372 278.6C-3.124 266.1-3.124 245.9 9.372 233.4C21.87 220.9 42.13 220.9 54.63 233.4L159.1 338.7L393.4 105.4C405.9 92.88 426.1 92.88 438.6 105.4H438.6z\"><\/path><\/svg><\/div><\/div><div class=\"uagb-ifb-title-wrap\"><p class=\"uagb-ifb-title\"><strong><strong><strong>D\u00e9marquez-vous de la concurrence locale<\/strong><br\/><\/strong><\/strong><\/p><\/div><p class=\"uagb-ifb-desc\">Le SEO local permet aux petites entreprises de rivaliser directement avec les grandes marques nationales en capitalisant sur la proximit\u00e9 et la pertinence. Nous vous aidons \u00e0 utiliser votre empreinte locale comme votre plus grand atout pour dominer votre zone de service imm\u00e9diate. <\/p><\/div><\/div>\n<\/div>\n<\/div>\n<\/div><\/div>\n\n<div class=\"wp-block-uagb-container uagb-block-c2190df7 alignfull uagb-is-root-container\"><div class=\"uagb-container-inner-blocks-wrap\">\n<div class=\"wp-block-uagb-container uagb-block-b997312a alignfull uagb-is-root-container\"><div class=\"uagb-container-inner-blocks-wrap\">\n<div class=\"wp-block-uagb-container uagb-block-03b982d6\">\n<div class=\"wp-block-uagb-container uagb-block-92db2a83\">\n<div class=\"wp-block-uagb-advanced-heading uagb-block-470a3b48\"><h3 class=\"uagb-heading-text\">Transformez les recherches \u00ab pr\u00e8s de chez moi \u00bb en appels clients. Faites cro\u00eetre votre entreprise locale. <\/h3><\/div>\n<\/div>\n\n\n\n<div class=\"wp-block-uagb-container uagb-block-bc692aa6\">\n<div class=\"wp-block-uagb-buttons uagb-buttons__outer-wrap uagb-btn__default-btn uagb-btn-tablet__default-btn uagb-btn-mobile__default-btn uagb-block-7e52e495\"><div class=\"uagb-buttons__wrap uagb-buttons-layout-wrap \">\n<div class=\"wp-block-uagb-buttons-child uagb-buttons__outer-wrap uagb-block-d746d711 wp-block-button\"><div class=\"uagb-button__wrapper\"><a class=\"uagb-buttons-repeater wp-block-button__link\" aria-label=\"\" href=\"tel:+15148864635\" rel=\"follow noopener\" target=\"_self\" role=\"button\"><div class=\"uagb-button__link\">514-886-4635<\/div><\/a><\/div><\/div>\n<\/div><\/div>\n<\/div>\n<\/div>\n<\/div><\/div>\n<\/div><\/div>\n","protected":false},"excerpt":{"rendered":"<p>Transformez les recherches \u00ab pr\u00e8s de chez moi \u00bb en appels clients. Faites cro\u00eetre votre entreprise locale.<\/p>\n","protected":false},"author":1,"featured_media":0,"parent":0,"menu_order":0,"comment_status":"closed","ping_status":"closed","template":"","meta":{"_uag_custom_page_level_css":"","site-sidebar-layout":"no-sidebar","site-content-layout":"page-builder","ast-site-content-layout":"full-width-container","site-content-style":"unboxed","site-sidebar-style":"unboxed","ast-global-header-display":"","ast-banner-title-visibility":"","ast-main-header-display":"","ast-hfb-above-header-display":"","ast-hfb-below-header-display":"","ast-hfb-mobile-header-display":"","site-post-title":"disabled","ast-breadcrumbs-content":"","ast-featured-img":"disabled","footer-sml-layout":"","ast-disable-related-posts":"","theme-transparent-header-meta":"enabled","adv-header-id-meta":"","stick-header-meta":"","header-above-stick-meta":"","header-main-stick-meta":"","header-below-stick-meta":"","astra-migrate-meta-layouts":"default","ast-page-background-enabled":"default","ast-page-background-meta":{"desktop":{"background-color":"","background-image":"","background-repeat":"repeat","background-position":"center center","background-size":"auto","background-attachment":"scroll","background-type":"","background-media":"","overlay-type":"","overlay-color":"","overlay-opacity":"","overlay-gradient":""},"tablet":{"background-color":"","background-image":"","background-repeat":"repeat","background-position":"center center","background-size":"auto","background-attachment":"scroll","background-type":"","background-media":"","overlay-type":"","overlay-color":"","overlay-opacity":"","overlay-gradient":""},"mobile":{"background-color":"","background-image":"","background-repeat":"repeat","background-position":"center center","background-size":"auto","background-attachment":"scroll","background-type":"","background-media":"","overlay-type":"","overlay-color":"","overlay-opacity":"","overlay-gradient":""}},"ast-content-background-meta":{"desktop":{"background-color":"var(--ast-global-color-5)","background-image":"","background-repeat":"repeat","background-position":"center center","background-size":"auto","background-attachment":"scroll","background-type":"","background-media":"","overlay-type":"","overlay-color":"","overlay-opacity":"","overlay-gradient":""},"tablet":{"background-color":"var(--ast-global-color-5)","background-image":"","background-repeat":"repeat","background-position":"center center","background-size":"auto","background-attachment":"scroll","background-type":"","background-media":"","overlay-type":"","overlay-color":"","overlay-opacity":"","overlay-gradient":""},"mobile":{"background-color":"var(--ast-global-color-5)","background-image":"","background-repeat":"repeat","background-position":"center center","background-size":"auto","background-attachment":"scroll","background-type":"","background-media":"","overlay-type":"","overlay-color":"","overlay-opacity":"","overlay-gradient":""}},"footnotes":""},"class_list":["post-4625","page","type-page","status-publish","hentry"],"uagb_featured_image_src":{"full":false,"thumbnail":false,"medium":false,"medium_large":false,"large":false,"1536x1536":false,"2048x2048":false},"uagb_author_info":{"display_name":"blueprofilemedia.com","author_link":"https:\/\/blueprofilemedia.com\/fr\/author\/blueprofilemedia-com\/"},"uagb_comment_info":0,"uagb_excerpt":"Transformez les recherches \u00ab pr\u00e8s de chez moi \u00bb en appels clients. Faites cro\u00eetre votre entreprise locale.","_links":{"self":[{"href":"https:\/\/blueprofilemedia.com\/fr\/wp-json\/wp\/v2\/pages\/4625","targetHints":{"allow":["GET"]}}],"collection":[{"href":"https:\/\/blueprofilemedia.com\/fr\/wp-json\/wp\/v2\/pages"}],"about":[{"href":"https:\/\/blueprofilemedia.com\/fr\/wp-json\/wp\/v2\/types\/page"}],"author":[{"embeddable":true,"href":"https:\/\/blueprofilemedia.com\/fr\/wp-json\/wp\/v2\/users\/1"}],"replies":[{"embeddable":true,"href":"https:\/\/blueprofilemedia.com\/fr\/wp-json\/wp\/v2\/comments?post=4625"}],"version-history":[{"count":0,"href":"https:\/\/blueprofilemedia.com\/fr\/wp-json\/wp\/v2\/pages\/4625\/revisions"}],"wp:attachment":[{"href":"https:\/\/blueprofilemedia.com\/fr\/wp-json\/wp\/v2\/media?parent=4625"}],"curies":[{"name":"wp","href":"https:\/\/api.w.org\/{rel}","templated":true}]}}