{"id":4600,"date":"2024-05-08T16:24:23","date_gmt":"2024-05-08T15:24:23","guid":{"rendered":"https:\/\/blueprofilemedia.com\/gestion-de-site-web\/"},"modified":"2026-03-31T19:49:32","modified_gmt":"2026-03-31T18:49:32","slug":"gestion-de-site-web","status":"publish","type":"page","link":"https:\/\/blueprofilemedia.com\/fr\/gestion-de-site-web\/","title":{"rendered":"Gestion de site Web"},"content":{"rendered":"\n<div class=\"wp-block-uagb-container uagb-block-d9b15012 alignfull uagb-is-root-container\"><div class=\"uagb-container-inner-blocks-wrap\">\n<div class=\"wp-block-uagb-info-box uagb-block-614c16d2 uagb-infobox__content-wrap  uagb-infobox-icon-above-title uagb-infobox-image-valign-top\"><div class=\"uagb-ifb-content\"><div class=\"uagb-ifb-title-wrap\"><h5 class=\"uagb-ifb-title-prefix\">Gestion de site Web<\/h5><h5 class=\"uagb-ifb-title\"><br\/>En g\u00e9rant efficacement votre site web, vous pouvez lib\u00e9rer tout son potentiel pour attirer et fid\u00e9liser les visiteurs, g\u00e9n\u00e9rer des prospects et stimuler les conversions.<\/h5><\/div><div class=\"uagb-ifb-button-wrapper wp-block-button\"><a href=\"https:\/\/blueprofilemedia.com\/fr\/contact\/\" class=\"uagb-infobox-cta-link wp-block-button__link\" target=\"_self\" rel=\"noopener noreferrer\" onclick=\"return true;\"><span class=\"uagb-inline-editing\">DEMANDER UNE SOUMISSION<\/span><\/a><\/div><\/div><\/div>\n<\/div><\/div>\n\n<div class=\"wp-block-uagb-container uagb-block-jvtqdy5b alignfull uagb-is-root-container\"><div class=\"uagb-container-inner-blocks-wrap\">\n<div class=\"wp-block-uagb-container uagb-block-c8zrydfn alignfull uagb-is-root-container\"><div class=\"uagb-container-inner-blocks-wrap\">\n<div class=\"wp-block-uagb-image aligncenter uagb-block-c2pr6isk wp-block-uagb-image--layout-default wp-block-uagb-image--effect-static wp-block-uagb-image--align-center alignleft\"><figure class=\"wp-block-uagb-image__figure\"><img decoding=\"async\" srcset=\"https:\/\/blueprofilemedia.com\/wp-content\/uploads\/2026\/03\/Blue-Profile-Media-seo-website-management-450.jpg ,https:\/\/blueprofilemedia.com\/wp-content\/uploads\/2026\/03\/Blue-Profile-Media-seo-website-management-450.jpg 780w, https:\/\/blueprofilemedia.com\/wp-content\/uploads\/2026\/03\/Blue-Profile-Media-seo-website-management-450.jpg 360w\" sizes=\"auto, (max-width: 480px) 150px\" src=\"https:\/\/blueprofilemedia.com\/wp-content\/uploads\/2026\/03\/Blue-Profile-Media-seo-website-management-450.jpg\" alt=\"Infographie isom\u00e9trique 3D illustrant la gestion de site Web, pr\u00e9sentant un ordinateur central connect\u00e9 \u00e0 diverses sph\u00e8res de verre repr\u00e9sentant le CMS, le SEO, l'analyse de donn\u00e9es et la s\u00e9curit\u00e9.\" class=\"uag-image-4928\" width=\"450\" height=\"245\" title=\"Infographie compl\u00e8te sur la gestion de sites Web\" loading=\"lazy\" role=\"img\"><\/figure><\/div>\n\n\n\n<div class=\"wp-block-uagb-info-box uagb-block-jcf8hcvo uagb-infobox__content-wrap  uagb-infobox-icon-above-title uagb-infobox-image-valign-top\"><div class=\"uagb-ifb-content\"><div class=\"uagb-ifb-title-wrap\"><h2 class=\"uagb-ifb-title\">D\u00e9couvrez nos services de gestion de sites Web<\/h2><\/div><div class=\"uagb-ifb-separator\"><\/div><p class=\"uagb-ifb-desc\">Vous en avez assez de vous soucier de la sant\u00e9 et de la performance de votre site Web ? Dites adieu au stress et \u00e0 la frustration gr\u00e2ce \u00e0 nos services complets de gestion et de maintenance de sites Web. Blue Profile Media propose une gamme de services con\u00e7us pour entretenir, mettre \u00e0 jour et optimiser votre site afin d&rsquo;en assurer l&rsquo;efficacit\u00e9, la s\u00e9curit\u00e9 et la pertinence. Contactez-nous d\u00e8s aujourd&rsquo;hui pour en savoir plus sur nos services de maintenance et d\u00e9couvrir comment nous pouvons propulser votre pr\u00e9sence en ligne.   <\/p><\/div><\/div>\n<\/div><\/div>\n\n\n\n<div class=\"wp-block-uagb-container uagb-block-07611c40\">\n<div class=\"wp-block-uagb-container uagb-block-gsojop84\">\n<div class=\"wp-block-uagb-container uagb-block-pmutu2wn\">\n<div class=\"wp-block-uagb-container uagb-block-ppgtjfzn\">\n<div class=\"wp-block-uagb-info-box uagb-block-bexcygmt uagb-infobox__content-wrap  uagb-infobox_cta-type-all uagb-infobox-icon-above-title uagb-infobox-image-valign-top\"><a href=\"https:\/\/blueprofilemedia.com\/fr\/contact\/\" class=\"uagb-infobox-link-wrap uagb-infbox__link-to-all\" target=\"_self\" aria-label=\"Infobox Link\" rel=\"noopener noreferrer\" onclick=\"return true;\"><\/a><div class=\"uagb-ifb-content\"><div class=\"uagb-ifb-title-wrap\"><p class=\"uagb-ifb-title-prefix\">01<\/p><h3 class=\"uagb-ifb-title\">Mises \u00e0 jour de contenu<\/h3><\/div><p class=\"uagb-ifb-desc\">Maintenir le contenu de votre site web frais et pertinent est essentiel pour engager les visiteurs, am\u00e9liorer le classement dans les moteurs de recherche et d\u00e9montrer la cr\u00e9dibilit\u00e9 de votre marque. Nos services de maintenance incluent des mises \u00e0 jour compl\u00e8tes du contenu pour garantir que votre site reste actuel et percutant. <\/p><div class=\"uagb-ifb-button-wrapper wp-block-button\"><\/div><\/div><\/div>\n<\/div>\n\n\n\n<div class=\"wp-block-uagb-container uagb-block-mfahrgcx\">\n<div class=\"wp-block-uagb-info-box uagb-block-ye6xrftx uagb-infobox__content-wrap  uagb-infobox_cta-type-all uagb-infobox-icon-above-title uagb-infobox-image-valign-top\"><a href=\"https:\/\/blueprofilemedia.com\/fr\/contact\/\" class=\"uagb-infobox-link-wrap uagb-infbox__link-to-all\" target=\"_self\" aria-label=\"Infobox Link\" rel=\"noopener noreferrer\" onclick=\"return true;\"><\/a><div class=\"uagb-ifb-content\"><div class=\"uagb-ifb-title-wrap\"><p class=\"uagb-ifb-title-prefix\">02<\/p><h3 class=\"uagb-ifb-title\">Mises \u00e0 jour de design<\/h3><\/div><p class=\"uagb-ifb-desc\">Le maintien d\u2019un design visuellement attrayant et facile \u00e0 utiliser est essentiel pour fid\u00e9liser les visiteurs et garantir une exp\u00e9rience utilisateur positive. Nos services de maintenance de sites web comprennent des mises \u00e0 jour r\u00e9guli\u00e8res du design afin d\u2019am\u00e9liorer l\u2019aspect, la convivialit\u00e9 et les fonctionnalit\u00e9s de votre site. <\/p><div class=\"uagb-ifb-button-wrapper wp-block-button\"><\/div><\/div><\/div>\n<\/div>\n\n\n\n<div class=\"wp-block-uagb-container uagb-block-3a8b3f13\">\n<div class=\"wp-block-group is-content-justification-center is-layout-constrained wp-block-group-is-layout-constrained\">\n<div class=\"wp-block-uagb-info-box uagb-block-e77524cc uagb-infobox__content-wrap  uagb-infobox_cta-type-all uagb-infobox-icon-above-title uagb-infobox-image-valign-top\"><a href=\"https:\/\/blueprofilemedia.com\/fr\/contact\/\" class=\"uagb-infobox-link-wrap uagb-infbox__link-to-all\" target=\"_self\" aria-label=\"Infobox Link\" rel=\"noopener noreferrer\" onclick=\"return true;\"><\/a><div class=\"uagb-ifb-content\"><div class=\"uagb-ifb-title-wrap\"><p class=\"uagb-ifb-title-prefix\">03<\/p><h3 class=\"uagb-ifb-title\"><strong>Mises \u00e0 jour logicielles<\/strong><\/h3><\/div><p class=\"uagb-ifb-desc\">Des mises \u00e0 jour logicielles r\u00e9guli\u00e8res sont cruciales pour que votre site web reste s\u00e9curis\u00e9, stable et fonctionne de mani\u00e8re optimale. Nos services de maintenance incluent des mises \u00e0 jour logicielles compl\u00e8tes du syst\u00e8me de gestion de contenu (CMS), des extensions, des th\u00e8mes et des autres composants logiciels du site. <\/p><div class=\"uagb-ifb-button-wrapper wp-block-button\"><\/div><\/div><\/div>\n<\/div>\n<\/div>\n<\/div>\n<\/div>\n<\/div>\n\n\n\n<div class=\"wp-block-uagb-container uagb-block-419571c9\">\n<div class=\"wp-block-uagb-container uagb-block-d8ebc257\">\n<div class=\"wp-block-uagb-container uagb-block-5cf9f93a\">\n<div class=\"wp-block-uagb-info-box uagb-block-0f999cde uagb-infobox__content-wrap  uagb-infobox_cta-type-all uagb-infobox-icon-above-title uagb-infobox-image-valign-top\"><a href=\"https:\/\/blueprofilemedia.com\/fr\/contact\/\" class=\"uagb-infobox-link-wrap uagb-infbox__link-to-all\" target=\"_self\" aria-label=\"Infobox Link\" rel=\"noopener noreferrer\" onclick=\"return true;\"><\/a><div class=\"uagb-ifb-content\"><div class=\"uagb-ifb-title-wrap\"><p class=\"uagb-ifb-title-prefix\">04<\/p><h3 class=\"uagb-ifb-title\">Sauvegardes et restauration<\/h3><\/div><p class=\"uagb-ifb-desc\">Les donn\u00e9es de votre site web sont inestimables, et les prot\u00e9ger contre les incidents impr\u00e9vus est crucial. Nos services de sauvegarde et de r\u00e9cup\u00e9ration sont con\u00e7us pour s\u00e9curiser les donn\u00e9es de votre site, vous offrant ainsi une tranquillit\u00e9 d\u2019esprit et garantissant la continuit\u00e9 de vos activit\u00e9s commerciales. <\/p><div class=\"uagb-ifb-button-wrapper wp-block-button\"><\/div><\/div><\/div>\n<\/div>\n\n\n\n<div class=\"wp-block-uagb-container uagb-block-8aa61d33\">\n<div class=\"wp-block-uagb-info-box uagb-block-1d211454 uagb-infobox__content-wrap  uagb-infobox_cta-type-all uagb-infobox-icon-above-title uagb-infobox-image-valign-top\"><a href=\"https:\/\/blueprofilemedia.com\/fr\/contact\/\" class=\"uagb-infobox-link-wrap uagb-infbox__link-to-all\" target=\"_self\" aria-label=\"Infobox Link\" rel=\"noopener noreferrer\" onclick=\"return true;\"><\/a><div class=\"uagb-ifb-content\"><div class=\"uagb-ifb-title-wrap\"><p class=\"uagb-ifb-title-prefix\">05<\/p><h3 class=\"uagb-ifb-title\">Optimisation de la performance<\/h3><\/div><p class=\"uagb-ifb-desc\">Nos services d\u2019optimisation des performances sont adapt\u00e9s pour am\u00e9liorer la vitesse, la r\u00e9activit\u00e9 et les performances globales de votre site web, garantissant ainsi aux visiteurs une interaction positive avec votre marque en ligne.<\/p><div class=\"uagb-ifb-button-wrapper wp-block-button\"><\/div><\/div><\/div>\n<\/div>\n\n\n\n<div class=\"wp-block-uagb-container uagb-block-023dd1aa\">\n<div class=\"wp-block-group is-content-justification-center is-layout-constrained wp-block-group-is-layout-constrained\">\n<div class=\"wp-block-uagb-info-box uagb-block-057180ac uagb-infobox__content-wrap  uagb-infobox_cta-type-all uagb-infobox-icon-above-title uagb-infobox-image-valign-top\"><a href=\"https:\/\/blueprofilemedia.com\/fr\/contact\/\" class=\"uagb-infobox-link-wrap uagb-infbox__link-to-all\" target=\"_self\" aria-label=\"Infobox Link\" rel=\"noopener noreferrer\" onclick=\"return true;\"><\/a><div class=\"uagb-ifb-content\"><div class=\"uagb-ifb-title-wrap\"><p class=\"uagb-ifb-title-prefix\">06<\/p><h3 class=\"uagb-ifb-title\">Adaptabilit\u00e9 mobile<\/h3><\/div><p class=\"uagb-ifb-desc\">Nos services d\u2019adaptabilit\u00e9 mobile sont con\u00e7us pour garantir que votre site web offre une exp\u00e9rience fluide et conviviale sur toutes les tailles d\u2019\u00e9cran et tous les appareils, favorisant ainsi l\u2019engagement et les conversions.<\/p><div class=\"uagb-ifb-button-wrapper wp-block-button\"><\/div><\/div><\/div>\n<\/div>\n<\/div>\n<\/div>\n<\/div>\n<\/div><\/div>\n\n<div class=\"wp-block-uagb-container uagb-block-soejxusg alignfull uagb-is-root-container\"><div class=\"uagb-container-inner-blocks-wrap\">\n<div class=\"wp-block-uagb-info-box uagb-block-lhbxcdc2 uagb-infobox__content-wrap  uagb-infobox-icon-above-title uagb-infobox-image-valign-top wp-block-uagb-info-box--has-margin\"><div class=\"uagb-infobox-margin-wrapper\"><div class=\"uagb-ifb-content\"><div class=\"uagb-ifb-icon-wrap\"><svg xmlns=\"https:\/\/www.w3.org\/2000\/svg\" viewbox=\"0 0 512 512\"><path d=\"M304 48C304 74.51 282.5 96 256 96C229.5 96 208 74.51 208 48C208 21.49 229.5 0 256 0C282.5 0 304 21.49 304 48zM304 464C304 490.5 282.5 512 256 512C229.5 512 208 490.5 208 464C208 437.5 229.5 416 256 416C282.5 416 304 437.5 304 464zM0 256C0 229.5 21.49 208 48 208C74.51 208 96 229.5 96 256C96 282.5 74.51 304 48 304C21.49 304 0 282.5 0 256zM512 256C512 282.5 490.5 304 464 304C437.5 304 416 282.5 416 256C416 229.5 437.5 208 464 208C490.5 208 512 229.5 512 256zM74.98 437C56.23 418.3 56.23 387.9 74.98 369.1C93.73 350.4 124.1 350.4 142.9 369.1C161.6 387.9 161.6 418.3 142.9 437C124.1 455.8 93.73 455.8 74.98 437V437zM142.9 142.9C124.1 161.6 93.73 161.6 74.98 142.9C56.24 124.1 56.24 93.73 74.98 74.98C93.73 56.23 124.1 56.23 142.9 74.98C161.6 93.73 161.6 124.1 142.9 142.9zM369.1 369.1C387.9 350.4 418.3 350.4 437 369.1C455.8 387.9 455.8 418.3 437 437C418.3 455.8 387.9 455.8 369.1 437C350.4 418.3 350.4 387.9 369.1 369.1V369.1z\"><\/path><\/svg><\/div><div class=\"uagb-ifb-title-wrap\"><h2 class=\"uagb-ifb-title\">Les b\u00e9n\u00e9fices de la gestion de site web<\/h2><\/div><\/div><\/div><\/div>\n\n\n\n<div class=\"wp-block-uagb-container uagb-block-uvp9bdiq\">\n<div class=\"wp-block-uagb-container uagb-block-9hy9m7sw\">\n<div class=\"wp-block-uagb-info-box uagb-block-43z1bxad uagb-infobox__content-wrap  uagb-infobox-icon-above-title uagb-infobox-image-valign-top\"><div class=\"uagb-ifb-content\"><div class=\"uagb-ifb-icon-wrap\"><div class=\"uagb-iconbox-icon-wrap uagb-infobox-shape-circle\"><svg xmlns=\"https:\/\/www.w3.org\/2000\/svg\" viewbox=\"0 0 448 512\"><path d=\"M438.6 105.4C451.1 117.9 451.1 138.1 438.6 150.6L182.6 406.6C170.1 419.1 149.9 419.1 137.4 406.6L9.372 278.6C-3.124 266.1-3.124 245.9 9.372 233.4C21.87 220.9 42.13 220.9 54.63 233.4L159.1 338.7L393.4 105.4C405.9 92.88 426.1 92.88 438.6 105.4H438.6z\"><\/path><\/svg><\/div><\/div><div class=\"uagb-ifb-title-wrap\"><p class=\"uagb-ifb-title\"><strong>Am\u00e9lioration de la performance<\/strong><\/p><\/div><p class=\"uagb-ifb-desc\">Une maintenance r\u00e9guli\u00e8re permet de garantir que le site Web fonctionne de mani\u00e8re optimale, avec des temps de chargement rapides et une navigation fluide.<\/p><\/div><\/div>\n<\/div>\n\n\n\n<div class=\"wp-block-uagb-container uagb-block-bh71qgoe\">\n<div class=\"wp-block-uagb-info-box uagb-block-5ngezyl3 uagb-infobox__content-wrap  uagb-infobox-icon-above-title uagb-infobox-image-valign-top\"><div class=\"uagb-ifb-content\"><div class=\"uagb-ifb-icon-wrap\"><div class=\"uagb-iconbox-icon-wrap uagb-infobox-shape-circle\"><svg xmlns=\"https:\/\/www.w3.org\/2000\/svg\" viewbox=\"0 0 448 512\"><path d=\"M438.6 105.4C451.1 117.9 451.1 138.1 438.6 150.6L182.6 406.6C170.1 419.1 149.9 419.1 137.4 406.6L9.372 278.6C-3.124 266.1-3.124 245.9 9.372 233.4C21.87 220.9 42.13 220.9 54.63 233.4L159.1 338.7L393.4 105.4C405.9 92.88 426.1 92.88 438.6 105.4H438.6z\"><\/path><\/svg><\/div><\/div><div class=\"uagb-ifb-title-wrap\"><p class=\"uagb-ifb-title\"><strong>Protection et s\u00e9curit\u00e9<\/strong><\/p><\/div><p class=\"uagb-ifb-desc\">La mise en place de mesures de s\u00e9curit\u00e9 et la mise \u00e0 jour constante des logiciels aident \u00e0 prot\u00e9ger le site Web contre les menaces et les vuln\u00e9rabilit\u00e9s.<\/p><\/div><\/div>\n<\/div>\n\n\n\n<div class=\"wp-block-uagb-container uagb-block-v96qlu6y\">\n<div class=\"wp-block-uagb-info-box uagb-block-xpc6ukrk uagb-infobox__content-wrap  uagb-infobox-icon-above-title uagb-infobox-image-valign-top\"><div class=\"uagb-ifb-content\"><div class=\"uagb-ifb-icon-wrap\"><div class=\"uagb-iconbox-icon-wrap uagb-infobox-shape-circle\"><svg xmlns=\"https:\/\/www.w3.org\/2000\/svg\" viewbox=\"0 0 448 512\"><path d=\"M438.6 105.4C451.1 117.9 451.1 138.1 438.6 150.6L182.6 406.6C170.1 419.1 149.9 419.1 137.4 406.6L9.372 278.6C-3.124 266.1-3.124 245.9 9.372 233.4C21.87 220.9 42.13 220.9 54.63 233.4L159.1 338.7L393.4 105.4C405.9 92.88 426.1 92.88 438.6 105.4H438.6z\"><\/path><\/svg><\/div><\/div><div class=\"uagb-ifb-title-wrap\"><p class=\"uagb-ifb-title\"><strong>Meilleure exp\u00e9rience utilisateur<\/strong><\/p><\/div><p class=\"uagb-ifb-desc\">Des mises \u00e0 jour et des optimisations r\u00e9guli\u00e8res contribuent \u00e0 une exp\u00e9rience utilisateur positive, favorisant ainsi un engagement et une satisfaction accrus.<\/p><\/div><\/div>\n<\/div>\n\n\n\n<div class=\"wp-block-uagb-container uagb-block-fxp9rote\">\n<div class=\"wp-block-uagb-info-box uagb-block-i4fkucnw uagb-infobox__content-wrap  uagb-infobox-icon-above-title uagb-infobox-image-valign-top\"><div class=\"uagb-ifb-content\"><div class=\"uagb-ifb-icon-wrap\"><div class=\"uagb-iconbox-icon-wrap uagb-infobox-shape-circle\"><svg xmlns=\"https:\/\/www.w3.org\/2000\/svg\" viewbox=\"0 0 448 512\"><path d=\"M438.6 105.4C451.1 117.9 451.1 138.1 438.6 150.6L182.6 406.6C170.1 419.1 149.9 419.1 137.4 406.6L9.372 278.6C-3.124 266.1-3.124 245.9 9.372 233.4C21.87 220.9 42.13 220.9 54.63 233.4L159.1 338.7L393.4 105.4C405.9 92.88 426.1 92.88 438.6 105.4H438.6z\"><\/path><\/svg><\/div><\/div><div class=\"uagb-ifb-title-wrap\"><p class=\"uagb-ifb-title\"><strong>Tranquillit\u00e9 d\u2019esprit<\/strong><\/p><\/div><p class=\"uagb-ifb-desc\">L\u2019externalisation des services de maintenance de site web permet aux chefs d\u2019entreprise de se concentrer sur la gestion de leur activit\u00e9, tout en sachant que leur site est pris en charge par des professionnels.<\/p><\/div><\/div>\n<\/div>\n<\/div>\n<\/div><\/div>\n\n<div class=\"wp-block-uagb-container uagb-block-1e1251e7 alignfull uagb-is-root-container\"><div class=\"uagb-container-inner-blocks-wrap\">\n<div class=\"wp-block-uagb-container uagb-block-b997312a alignfull uagb-is-root-container\"><div class=\"uagb-container-inner-blocks-wrap\">\n<div class=\"wp-block-uagb-container uagb-block-d3344f5e\">\n<div class=\"wp-block-uagb-container uagb-block-32f04719\">\n<div class=\"wp-block-uagb-advanced-heading uagb-block-81a30b42\"><h3 class=\"uagb-heading-text\">Nous g\u00e9rons votre site Web pour que vous puissiez g\u00e9rer votre entreprise. G\u00e9rer mon site Web <\/h3><\/div>\n<\/div>\n\n\n\n<div class=\"wp-block-uagb-container uagb-block-bc692aa6\">\n<div class=\"wp-block-uagb-buttons uagb-buttons__outer-wrap uagb-btn__default-btn uagb-btn-tablet__default-btn uagb-btn-mobile__default-btn uagb-block-7e52e495\"><div class=\"uagb-buttons__wrap uagb-buttons-layout-wrap \">\n<div class=\"wp-block-uagb-buttons-child uagb-buttons__outer-wrap uagb-block-d746d711 wp-block-button\"><div class=\"uagb-button__wrapper\"><a class=\"uagb-buttons-repeater wp-block-button__link\" aria-label=\"\" href=\"&lt;!--[CDATA[tel:+15148864635]]--&gt;\" rel=\"follow noopener\" target=\"_self\" role=\"button\"><div class=\"uagb-button__link\">514-886-4635<\/div><\/a><\/div><\/div>\n<\/div><\/div>\n<\/div>\n<\/div>\n<\/div><\/div>\n<\/div><\/div>\n","protected":false},"excerpt":{"rendered":"<p>Nous g\u00e9rons votre site Web pour que vous puissiez g\u00e9rer votre entreprise. G\u00e9rer mon site Web<\/p>\n","protected":false},"author":1,"featured_media":0,"parent":0,"menu_order":0,"comment_status":"closed","ping_status":"closed","template":"","meta":{"_uag_custom_page_level_css":"","site-sidebar-layout":"no-sidebar","site-content-layout":"page-builder","ast-site-content-layout":"full-width-container","site-content-style":"unboxed","site-sidebar-style":"unboxed","ast-global-header-display":"","ast-banner-title-visibility":"","ast-main-header-display":"","ast-hfb-above-header-display":"","ast-hfb-below-header-display":"","ast-hfb-mobile-header-display":"","site-post-title":"disabled","ast-breadcrumbs-content":"","ast-featured-img":"disabled","footer-sml-layout":"","ast-disable-related-posts":"","theme-transparent-header-meta":"enabled","adv-header-id-meta":"","stick-header-meta":"","header-above-stick-meta":"","header-main-stick-meta":"","header-below-stick-meta":"","astra-migrate-meta-layouts":"default","ast-page-background-enabled":"default","ast-page-background-meta":{"desktop":{"background-color":"","background-image":"","background-repeat":"repeat","background-position":"center center","background-size":"auto","background-attachment":"scroll","background-type":"","background-media":"","overlay-type":"","overlay-color":"","overlay-opacity":"","overlay-gradient":""},"tablet":{"background-color":"","background-image":"","background-repeat":"repeat","background-position":"center center","background-size":"auto","background-attachment":"scroll","background-type":"","background-media":"","overlay-type":"","overlay-color":"","overlay-opacity":"","overlay-gradient":""},"mobile":{"background-color":"","background-image":"","background-repeat":"repeat","background-position":"center center","background-size":"auto","background-attachment":"scroll","background-type":"","background-media":"","overlay-type":"","overlay-color":"","overlay-opacity":"","overlay-gradient":""}},"ast-content-background-meta":{"desktop":{"background-color":"var(--ast-global-color-5)","background-image":"","background-repeat":"repeat","background-position":"center center","background-size":"auto","background-attachment":"scroll","background-type":"","background-media":"","overlay-type":"","overlay-color":"","overlay-opacity":"","overlay-gradient":""},"tablet":{"background-color":"var(--ast-global-color-5)","background-image":"","background-repeat":"repeat","background-position":"center center","background-size":"auto","background-attachment":"scroll","background-type":"","background-media":"","overlay-type":"","overlay-color":"","overlay-opacity":"","overlay-gradient":""},"mobile":{"background-color":"var(--ast-global-color-5)","background-image":"","background-repeat":"repeat","background-position":"center center","background-size":"auto","background-attachment":"scroll","background-type":"","background-media":"","overlay-type":"","overlay-color":"","overlay-opacity":"","overlay-gradient":""}},"footnotes":""},"class_list":["post-4600","page","type-page","status-publish","hentry"],"uagb_featured_image_src":{"full":false,"thumbnail":false,"medium":false,"medium_large":false,"large":false,"1536x1536":false,"2048x2048":false},"uagb_author_info":{"display_name":"blueprofilemedia.com","author_link":"https:\/\/blueprofilemedia.com\/fr\/author\/blueprofilemedia-com\/"},"uagb_comment_info":0,"uagb_excerpt":"Nous g\u00e9rons votre site Web pour que vous puissiez g\u00e9rer votre entreprise. G\u00e9rer mon site Web","_links":{"self":[{"href":"https:\/\/blueprofilemedia.com\/fr\/wp-json\/wp\/v2\/pages\/4600","targetHints":{"allow":["GET"]}}],"collection":[{"href":"https:\/\/blueprofilemedia.com\/fr\/wp-json\/wp\/v2\/pages"}],"about":[{"href":"https:\/\/blueprofilemedia.com\/fr\/wp-json\/wp\/v2\/types\/page"}],"author":[{"embeddable":true,"href":"https:\/\/blueprofilemedia.com\/fr\/wp-json\/wp\/v2\/users\/1"}],"replies":[{"embeddable":true,"href":"https:\/\/blueprofilemedia.com\/fr\/wp-json\/wp\/v2\/comments?post=4600"}],"version-history":[{"count":0,"href":"https:\/\/blueprofilemedia.com\/fr\/wp-json\/wp\/v2\/pages\/4600\/revisions"}],"wp:attachment":[{"href":"https:\/\/blueprofilemedia.com\/fr\/wp-json\/wp\/v2\/media?parent=4600"}],"curies":[{"name":"wp","href":"https:\/\/api.w.org\/{rel}","templated":true}]}}