{"id":4541,"date":"2022-03-04T03:43:38","date_gmt":"2022-03-04T03:43:38","guid":{"rendered":"https:\/\/blueprofilemedia.com\/a-propos\/"},"modified":"2026-03-31T20:39:19","modified_gmt":"2026-03-31T19:39:19","slug":"a-propos","status":"publish","type":"page","link":"https:\/\/blueprofilemedia.com\/fr\/a-propos\/","title":{"rendered":"\u00c0 propos"},"content":{"rendered":"\n<div class=\"wp-block-uagb-container uagb-block-78fbda14 alignfull uagb-is-root-container\"><div class=\"uagb-container-inner-blocks-wrap\">\n<div class=\"wp-block-uagb-info-box uagb-block-614c16d2 uagb-infobox__content-wrap  uagb-infobox-icon-above-title uagb-infobox-image-valign-top\"><div class=\"uagb-ifb-content\"><div class=\"uagb-ifb-title-wrap\"><h5 class=\"uagb-ifb-title-prefix\">\u00c0 propos<\/h5><h5 class=\"uagb-ifb-title\"><br\/>G\u00e9n\u00e9rez plus de trafic et augmentez votre visibilit\u00e9 sur le Web. Notre service de gestion de profils inclut la configuration et l&rsquo;optimisation de votre profil Google Business par nos experts. <\/h5><\/div><div class=\"uagb-ifb-button-wrapper wp-block-button\"><a href=\"https:\/\/blueprofilemedia.com\/fr\/contact\/\" class=\"uagb-infobox-cta-link wp-block-button__link\" target=\"_self\" rel=\"noopener noreferrer\" onclick=\"return true;\"><span class=\"uagb-inline-editing\">DEMANDER UNE SOUMISSION<\/span><\/a><\/div><\/div><\/div>\n<\/div><\/div>\n\n<div class=\"wp-block-uagb-container uagb-block-0682ea1d alignfull uagb-is-root-container\"><div class=\"uagb-container-inner-blocks-wrap\">\n<div class=\"wp-block-uagb-container uagb-block-d904cbea\">\n<div class=\"wp-block-uagb-container uagb-block-37158dbe\">\n<div class=\"wp-block-uagb-info-box uagb-block-1d62cba7 uagb-infobox__content-wrap  uagb-infobox-icon-above-title uagb-infobox-image-valign-top\"><div class=\"uagb-ifb-content\"><div class=\"uagb-ifb-title-wrap\"><div class=\"uagb-ifb-separator\"><\/div><h3 class=\"uagb-ifb-title\">Qui sommes-nous<\/h3><\/div><p class=\"uagb-ifb-desc\">Experts en gestion de profils d\u2019entreprise, nous aidons les entreprises \u00e0 optimiser leur pr\u00e9sence en ligne. Notre service se consacre \u00e0 la configuration efficace et \u00e0 la gestion continue de profils tels que Google My Business (GBP). <br\/><br\/><\/p><\/div><\/div>\n<\/div>\n\n\n\n<div class=\"wp-block-uagb-container uagb-block-75bd7c61\">\n<div class=\"wp-block-uagb-info-box uagb-block-4eb4800b uagb-infobox__content-wrap  uagb-infobox-icon-above-title uagb-infobox-image-valign-top\"><div class=\"uagb-ifb-content\"><div class=\"uagb-ifb-title-wrap\"><div class=\"uagb-ifb-separator\"><\/div><h3 class=\"uagb-ifb-title\">Notre Mission\u200b<\/h3><\/div><p class=\"uagb-ifb-desc\">Notre mission est de donner aux entreprises les moyens de b\u00e2tir et de g\u00e9rer efficacement leur pr\u00e9sence en ligne gr\u00e2ce \u00e0 des fiches pr\u00e9cises et \u00e0 jour sur Google Search et Maps.<br\/><br\/><br\/><\/p><\/div><\/div>\n<\/div>\n\n\n\n<div class=\"wp-block-uagb-container uagb-block-bb6ae8ac\">\n<div class=\"wp-block-uagb-info-box uagb-block-4f0b567b uagb-infobox__content-wrap  uagb-infobox-icon-above-title uagb-infobox-image-valign-top\"><div class=\"uagb-ifb-content\"><div class=\"uagb-ifb-title-wrap\"><div class=\"uagb-ifb-separator\"><\/div><h3 class=\"uagb-ifb-title\">Nos services<\/h3><\/div><\/div><\/div>\n\n\n\n<div class=\"wp-block-uagb-icon-list uagb-block-0df84fb5\"><div class=\"uagb-icon-list__wrap\">\n<div class=\"wp-block-uagb-icon-list-child uagb-block-ede865c1\"><a target=\"_self\" aria-label=\"Business Profile Management\" rel=\"noopener noreferrer\" href=\"https:\/\/blueprofilemedia.com\/fr\/profil-google-business\/\"> <\/a><span class=\"uagb-icon-list__source-wrap\"><svg xmlns=\"https:\/\/www.w3.org\/2000\/svg\" viewbox=\"0 0 256 512\"><path d=\"M118.6 105.4l128 127.1C252.9 239.6 256 247.8 256 255.1s-3.125 16.38-9.375 22.63l-128 127.1c-9.156 9.156-22.91 11.9-34.88 6.943S64 396.9 64 383.1V128c0-12.94 7.781-24.62 19.75-29.58S109.5 96.23 118.6 105.4z\"><\/path><\/svg><\/span><span class=\"uagb-icon-list__label\">Gestion de profils d&rsquo;entreprise<\/span><\/div>\n\n\n\n<div class=\"wp-block-uagb-icon-list-child uagb-block-445ecbb2\"><a target=\"_self\" aria-label=\"Local SEO\" rel=\"noopener noreferrer\" href=\"https:\/\/blueprofilemedia.com\/fr\/seo-local\/\"> <\/a><span class=\"uagb-icon-list__source-wrap\"><svg xmlns=\"https:\/\/www.w3.org\/2000\/svg\" viewbox=\"0 0 256 512\"><path d=\"M118.6 105.4l128 127.1C252.9 239.6 256 247.8 256 255.1s-3.125 16.38-9.375 22.63l-128 127.1c-9.156 9.156-22.91 11.9-34.88 6.943S64 396.9 64 383.1V128c0-12.94 7.781-24.62 19.75-29.58S109.5 96.23 118.6 105.4z\"><\/path><\/svg><\/span><span class=\"uagb-icon-list__label\">SEO Local<\/span><\/div>\n\n\n\n<div class=\"wp-block-uagb-icon-list-child uagb-block-d33131f4\"><a target=\"_self\" aria-label=\"Content Creation\" rel=\"noopener noreferrer\" href=\"https:\/\/blueprofilemedia.com\/content-creation\/\"> <\/a><span class=\"uagb-icon-list__source-wrap\"><svg xmlns=\"https:\/\/www.w3.org\/2000\/svg\" viewbox=\"0 0 256 512\"><path d=\"M118.6 105.4l128 127.1C252.9 239.6 256 247.8 256 255.1s-3.125 16.38-9.375 22.63l-128 127.1c-9.156 9.156-22.91 11.9-34.88 6.943S64 396.9 64 383.1V128c0-12.94 7.781-24.62 19.75-29.58S109.5 96.23 118.6 105.4z\"><\/path><\/svg><\/span><span class=\"uagb-icon-list__label\">Cr\u00e9ation de contenu<\/span><\/div>\n\n\n\n<div class=\"wp-block-uagb-icon-list-child uagb-block-aa2d9eaa\"><a target=\"_self\" aria-label=\"Website Management\" rel=\"noopener noreferrer\" href=\"https:\/\/blueprofilemedia.com\/fr\/gestion-de-site-web\/\"> <\/a><span class=\"uagb-icon-list__source-wrap\"><svg xmlns=\"https:\/\/www.w3.org\/2000\/svg\" viewbox=\"0 0 256 512\"><path d=\"M118.6 105.4l128 127.1C252.9 239.6 256 247.8 256 255.1s-3.125 16.38-9.375 22.63l-128 127.1c-9.156 9.156-22.91 11.9-34.88 6.943S64 396.9 64 383.1V128c0-12.94 7.781-24.62 19.75-29.58S109.5 96.23 118.6 105.4z\"><\/path><\/svg><\/span><span class=\"uagb-icon-list__label\">Gestion de site Web<\/span><\/div>\n\n\n\n<div class=\"wp-block-uagb-icon-list-child uagb-block-7c39597b\"><a target=\"_self\" aria-label=\"Link Building\" rel=\"noopener noreferrer\" href=\"https:\/\/blueprofilemedia.com\/fr\/creation-de-liens\/\"> <\/a><span class=\"uagb-icon-list__source-wrap\"><svg xmlns=\"https:\/\/www.w3.org\/2000\/svg\" viewbox=\"0 0 256 512\"><path d=\"M118.6 105.4l128 127.1C252.9 239.6 256 247.8 256 255.1s-3.125 16.38-9.375 22.63l-128 127.1c-9.156 9.156-22.91 11.9-34.88 6.943S64 396.9 64 383.1V128c0-12.94 7.781-24.62 19.75-29.58S109.5 96.23 118.6 105.4z\"><\/path><\/svg><\/span><span class=\"uagb-icon-list__label\">Cr\u00e9ation de liens<\/span><\/div>\n\n\n\n<div class=\"wp-block-uagb-icon-list-child uagb-block-d76b32d6\"><a target=\"_self\" aria-label=\"WordPress Websites\" rel=\"noopener noreferrer\" href=\"https:\/\/blueprofilemedia.com\/fr\/conception-de-site-wordpress\/\"> <\/a><span class=\"uagb-icon-list__source-wrap\"><svg xmlns=\"https:\/\/www.w3.org\/2000\/svg\" viewbox=\"0 0 256 512\"><path d=\"M118.6 105.4l128 127.1C252.9 239.6 256 247.8 256 255.1s-3.125 16.38-9.375 22.63l-128 127.1c-9.156 9.156-22.91 11.9-34.88 6.943S64 396.9 64 383.1V128c0-12.94 7.781-24.62 19.75-29.58S109.5 96.23 118.6 105.4z\"><\/path><\/svg><\/span><span class=\"uagb-icon-list__label\">Conception de site WordPress<\/span><\/div>\n\n\n\n<div class=\"wp-block-uagb-icon-list-child uagb-block-6bf322fb\"><a target=\"_self\" aria-label=\"GMB Profile Set up &amp; Optimization\" rel=\"noopener noreferrer\" href=\"https:\/\/blueprofilemedia.com\/fr\/profil-google-business\/\"> <\/a><span class=\"uagb-icon-list__source-wrap\"><svg xmlns=\"https:\/\/www.w3.org\/2000\/svg\" viewbox=\"0 0 256 512\"><path d=\"M118.6 105.4l128 127.1C252.9 239.6 256 247.8 256 255.1s-3.125 16.38-9.375 22.63l-128 127.1c-9.156 9.156-22.91 11.9-34.88 6.943S64 396.9 64 383.1V128c0-12.94 7.781-24.62 19.75-29.58S109.5 96.23 118.6 105.4z\"><\/path><\/svg><\/span><span class=\"uagb-icon-list__label\">Profil Google Business<\/span><\/div>\n<\/div><\/div>\n\n\n\n<div class=\"wp-block-uagb-container uagb-block-b8e992fa\">\n<div class=\"wp-block-uagb-container uagb-block-626de514\">\n<div class=\"wp-block-uagb-container uagb-block-ddf7a820\"><\/div>\n<\/div>\n<\/div>\n<\/div>\n<\/div>\n<\/div><\/div>\n\n<div class=\"wp-block-uagb-container uagb-block-47c5e8d5 default uagb-is-root-container\">\n<div class=\"wp-block-uagb-container uagb-block-1ef07dee\">\n<div class=\"wp-block-uagb-advanced-heading uagb-block-f5effed3\"><h2 class=\"uagb-heading-text\">Pourquoi nous choisir ?<\/h2><p class=\"uagb-desc-text\">Avant tout, notre priorit\u00e9 absolue est d&rsquo;assurer la satisfaction de nos clients en surpassant constamment vos attentes. Votre succ\u00e8s est le n\u00f4tre, et nous nous d\u00e9passons pour garantir votre enti\u00e8re satisfaction envers nos services. <\/p><\/div>\n\n\n\n<div class=\"wp-block-uagb-icon-list uagb-block-e89bcd6b\"><div class=\"uagb-icon-list__wrap\">\n<div class=\"wp-block-uagb-icon-list-child uagb-block-f1ba88b2\"><span class=\"uagb-icon-list__source-wrap\"><svg xmlns=\"https:\/\/www.w3.org\/2000\/svg\" viewbox=\"0 0 320 512\"><path d=\"M96 480c-8.188 0-16.38-3.125-22.62-9.375c-12.5-12.5-12.5-32.75 0-45.25L242.8 256L73.38 86.63c-12.5-12.5-12.5-32.75 0-45.25s32.75-12.5 45.25 0l192 192c12.5 12.5 12.5 32.75 0 45.25l-192 192C112.4 476.9 104.2 480 96 480z\"><\/path><\/svg><\/span><span class=\"uagb-icon-list__label\">Satisfaction de nos clients<\/span><\/div>\n\n\n\n<div class=\"wp-block-uagb-icon-list-child uagb-block-6be08ab4\"><span class=\"uagb-icon-list__source-wrap\"><svg xmlns=\"https:\/\/www.w3.org\/2000\/svg\" viewbox=\"0 0 320 512\"><path d=\"M96 480c-8.188 0-16.38-3.125-22.62-9.375c-12.5-12.5-12.5-32.75 0-45.25L242.8 256L73.38 86.63c-12.5-12.5-12.5-32.75 0-45.25s32.75-12.5 45.25 0l192 192c12.5 12.5 12.5 32.75 0 45.25l-192 192C112.4 476.9 104.2 480 96 480z\"><\/path><\/svg><\/span><span class=\"uagb-icon-list__label\">Soutien rapide<\/span><\/div>\n\n\n\n<div class=\"wp-block-uagb-icon-list-child uagb-block-2da46490\"><span class=\"uagb-icon-list__source-wrap\"><svg xmlns=\"https:\/\/www.w3.org\/2000\/svg\" viewbox=\"0 0 320 512\"><path d=\"M96 480c-8.188 0-16.38-3.125-22.62-9.375c-12.5-12.5-12.5-32.75 0-45.25L242.8 256L73.38 86.63c-12.5-12.5-12.5-32.75 0-45.25s32.75-12.5 45.25 0l192 192c12.5 12.5 12.5 32.75 0 45.25l-192 192C112.4 476.9 104.2 480 96 480z\"><\/path><\/svg><\/span><span class=\"uagb-icon-list__label\">Approche personnalis\u00e9e<\/span><\/div>\n\n\n\n<div class=\"wp-block-uagb-icon-list-child uagb-block-66204fe6\"><span class=\"uagb-icon-list__source-wrap\"><svg xmlns=\"https:\/\/www.w3.org\/2000\/svg\" viewbox=\"0 0 320 512\"><path d=\"M96 480c-8.188 0-16.38-3.125-22.62-9.375c-12.5-12.5-12.5-32.75 0-45.25L242.8 256L73.38 86.63c-12.5-12.5-12.5-32.75 0-45.25s32.75-12.5 45.25 0l192 192c12.5 12.5 12.5 32.75 0 45.25l-192 192C112.4 476.9 104.2 480 96 480z\"><\/path><\/svg><\/span><span class=\"uagb-icon-list__label\">Prix comp\u00e9titifs<\/span><\/div>\n\n\n\n<div class=\"wp-block-uagb-icon-list-child uagb-block-40038eee\"><span class=\"uagb-icon-list__source-wrap\"><svg xmlns=\"https:\/\/www.w3.org\/2000\/svg\" viewbox=\"0 0 320 512\"><path d=\"M96 480c-8.188 0-16.38-3.125-22.62-9.375c-12.5-12.5-12.5-32.75 0-45.25L242.8 256L73.38 86.63c-12.5-12.5-12.5-32.75 0-45.25s32.75-12.5 45.25 0l192 192c12.5 12.5 12.5 32.75 0 45.25l-192 192C112.4 476.9 104.2 480 96 480z\"><\/path><\/svg><\/span><span class=\"uagb-icon-list__label\">Strat\u00e9gies bas\u00e9es sur les donn\u00e9es<\/span><\/div>\n\n\n\n<div class=\"wp-block-uagb-icon-list-child uagb-block-f3052a91\"><span class=\"uagb-icon-list__source-wrap\"><svg xmlns=\"https:\/\/www.w3.org\/2000\/svg\" viewbox=\"0 0 320 512\"><path d=\"M96 480c-8.188 0-16.38-3.125-22.62-9.375c-12.5-12.5-12.5-32.75 0-45.25L242.8 256L73.38 86.63c-12.5-12.5-12.5-32.75 0-45.25s32.75-12.5 45.25 0l192 192c12.5 12.5 12.5 32.75 0 45.25l-192 192C112.4 476.9 104.2 480 96 480z\"><\/path><\/svg><\/span><span class=\"uagb-icon-list__label\">Services complets<\/span><\/div>\n\n\n\n<div class=\"wp-block-uagb-icon-list-child uagb-block-78a629bb\"><span class=\"uagb-icon-list__source-wrap\"><svg xmlns=\"https:\/\/www.w3.org\/2000\/svg\" viewbox=\"0 0 320 512\"><path d=\"M96 480c-8.188 0-16.38-3.125-22.62-9.375c-12.5-12.5-12.5-32.75 0-45.25L242.8 256L73.38 86.63c-12.5-12.5-12.5-32.75 0-45.25s32.75-12.5 45.25 0l192 192c12.5 12.5 12.5 32.75 0 45.25l-192 192C112.4 476.9 104.2 480 96 480z\"><\/path><\/svg><\/span><span class=\"uagb-icon-list__label\">Expertise en SEO local<\/span><\/div>\n\n\n\n<div class=\"wp-block-uagb-icon-list-child uagb-block-80b60fe8\"><span class=\"uagb-icon-list__source-wrap\"><svg xmlns=\"https:\/\/www.w3.org\/2000\/svg\" viewbox=\"0 0 320 512\"><path d=\"M96 480c-8.188 0-16.38-3.125-22.62-9.375c-12.5-12.5-12.5-32.75 0-45.25L242.8 256L73.38 86.63c-12.5-12.5-12.5-32.75 0-45.25s32.75-12.5 45.25 0l192 192c12.5 12.5 12.5 32.75 0 45.25l-192 192C112.4 476.9 104.2 480 96 480z\"><\/path><\/svg><\/span><span class=\"uagb-icon-list__label\">Suivi proactif<\/span><\/div>\n\n\n\n<div class=\"wp-block-uagb-icon-list-child uagb-block-cb9b440c\"><span class=\"uagb-icon-list__source-wrap\"><svg xmlns=\"https:\/\/www.w3.org\/2000\/svg\" viewbox=\"0 0 320 512\"><path d=\"M96 480c-8.188 0-16.38-3.125-22.62-9.375c-12.5-12.5-12.5-32.75 0-45.25L242.8 256L73.38 86.63c-12.5-12.5-12.5-32.75 0-45.25s32.75-12.5 45.25 0l192 192c12.5 12.5 12.5 32.75 0 45.25l-192 192C112.4 476.9 104.2 480 96 480z\"><\/path><\/svg><\/span><span class=\"uagb-icon-list__label\">Strat\u00e9gies sur mesure<\/span><\/div>\n\n\n\n<div class=\"wp-block-uagb-icon-list-child uagb-block-4303f00e\"><span class=\"uagb-icon-list__source-wrap\"><svg xmlns=\"https:\/\/www.w3.org\/2000\/svg\" viewbox=\"0 0 320 512\"><path d=\"M96 480c-8.188 0-16.38-3.125-22.62-9.375c-12.5-12.5-12.5-32.75 0-45.25L242.8 256L73.38 86.63c-12.5-12.5-12.5-32.75 0-45.25s32.75-12.5 45.25 0l192 192c12.5 12.5 12.5 32.75 0 45.25l-192 192C112.4 476.9 104.2 480 96 480z\"><\/path><\/svg><\/span><span class=\"uagb-icon-list__label\">D\u00e9vouement envers votre succ\u00e8s<\/span><\/div>\n<\/div><\/div>\n<\/div>\n<\/div>\n\n<div class=\"wp-block-uagb-container uagb-block-b997312a alignfull uagb-is-root-container\"><div class=\"uagb-container-inner-blocks-wrap\">\n<div class=\"wp-block-uagb-container uagb-block-13203842\">\n<div class=\"wp-block-uagb-container uagb-block-ecc1efd2\">\n<div class=\"wp-block-uagb-advanced-heading uagb-block-9ee91cfb\"><h3 class=\"uagb-heading-text\">Propulsez votre visibilit\u00e9 et votre trafic avec nos services de cr\u00e9ation et d&rsquo;optimisation de fiches Google Business.<\/h3><\/div>\n<\/div>\n\n\n\n<div class=\"wp-block-uagb-container uagb-block-bc692aa6\">\n<div class=\"wp-block-uagb-buttons uagb-buttons__outer-wrap uagb-btn__default-btn uagb-btn-tablet__default-btn uagb-btn-mobile__default-btn uagb-block-7e52e495\"><div class=\"uagb-buttons__wrap uagb-buttons-layout-wrap \">\n<div class=\"wp-block-uagb-buttons-child uagb-buttons__outer-wrap uagb-block-d746d711 wp-block-button\"><div class=\"uagb-button__wrapper\"><a class=\"uagb-buttons-repeater wp-block-button__link\" aria-label=\"\" href=\"tel:+15148864635\" rel=\"follow noopener\" target=\"_self\" role=\"button\"><div class=\"uagb-button__link\">514-886-4635<\/div><\/a><\/div><\/div>\n<\/div><\/div>\n<\/div>\n<\/div>\n<\/div><\/div>\n","protected":false},"excerpt":{"rendered":"<p>Pourquoi nous choisir ? Avant tout, notre priorit\u00e9 absolue est d&rsquo;assurer la satisfaction de nos clients en surpassant constamment vos attentes. Votre succ\u00e8s est le n\u00f4tre, et nous nous d\u00e9passons pour garantir votre enti\u00e8re satisfaction envers nos services. Propulsez votre visibilit\u00e9 et votre trafic avec nos services de cr\u00e9ation et d&rsquo;optimisation de fiches Google Business.<\/p>\n","protected":false},"author":1,"featured_media":0,"parent":0,"menu_order":0,"comment_status":"closed","ping_status":"closed","template":"","meta":{"_uag_custom_page_level_css":"","site-sidebar-layout":"no-sidebar","site-content-layout":"page-builder","ast-site-content-layout":"full-width-container","site-content-style":"unboxed","site-sidebar-style":"unboxed","ast-global-header-display":"","ast-banner-title-visibility":"","ast-main-header-display":"","ast-hfb-above-header-display":"","ast-hfb-below-header-display":"","ast-hfb-mobile-header-display":"","site-post-title":"disabled","ast-breadcrumbs-content":"","ast-featured-img":"disabled","footer-sml-layout":"","ast-disable-related-posts":"","theme-transparent-header-meta":"enabled","adv-header-id-meta":"","stick-header-meta":"","header-above-stick-meta":"","header-main-stick-meta":"","header-below-stick-meta":"","astra-migrate-meta-layouts":"set","ast-page-background-enabled":"default","ast-page-background-meta":{"desktop":{"background-color":"","background-image":"","background-repeat":"repeat","background-position":"center center","background-size":"auto","background-attachment":"scroll","background-type":"","background-media":"","overlay-type":"","overlay-color":"","overlay-opacity":"","overlay-gradient":""},"tablet":{"background-color":"","background-image":"","background-repeat":"repeat","background-position":"center center","background-size":"auto","background-attachment":"scroll","background-type":"","background-media":"","overlay-type":"","overlay-color":"","overlay-opacity":"","overlay-gradient":""},"mobile":{"background-color":"","background-image":"","background-repeat":"repeat","background-position":"center center","background-size":"auto","background-attachment":"scroll","background-type":"","background-media":"","overlay-type":"","overlay-color":"","overlay-opacity":"","overlay-gradient":""}},"ast-content-background-meta":{"desktop":{"background-color":"var(--ast-global-color-5)","background-image":"","background-repeat":"repeat","background-position":"center center","background-size":"auto","background-attachment":"scroll","background-type":"","background-media":"","overlay-type":"","overlay-color":"","overlay-opacity":"","overlay-gradient":""},"tablet":{"background-color":"var(--ast-global-color-5)","background-image":"","background-repeat":"repeat","background-position":"center center","background-size":"auto","background-attachment":"scroll","background-type":"","background-media":"","overlay-type":"","overlay-color":"","overlay-opacity":"","overlay-gradient":""},"mobile":{"background-color":"var(--ast-global-color-5)","background-image":"","background-repeat":"repeat","background-position":"center center","background-size":"auto","background-attachment":"scroll","background-type":"","background-media":"","overlay-type":"","overlay-color":"","overlay-opacity":"","overlay-gradient":""}},"footnotes":""},"class_list":["post-4541","page","type-page","status-publish","hentry"],"uagb_featured_image_src":{"full":false,"thumbnail":false,"medium":false,"medium_large":false,"large":false,"1536x1536":false,"2048x2048":false},"uagb_author_info":{"display_name":"blueprofilemedia.com","author_link":"https:\/\/blueprofilemedia.com\/fr\/author\/blueprofilemedia-com\/"},"uagb_comment_info":0,"uagb_excerpt":"Pourquoi nous choisir ? Avant tout, notre priorit\u00e9 absolue est d&rsquo;assurer la satisfaction de nos clients en surpassant constamment vos attentes. Votre succ\u00e8s est le n\u00f4tre, et nous nous d\u00e9passons pour garantir votre enti\u00e8re satisfaction envers nos services. Propulsez votre visibilit\u00e9 et votre trafic avec nos services de cr\u00e9ation et d&rsquo;optimisation de fiches Google Business.","_links":{"self":[{"href":"https:\/\/blueprofilemedia.com\/fr\/wp-json\/wp\/v2\/pages\/4541","targetHints":{"allow":["GET"]}}],"collection":[{"href":"https:\/\/blueprofilemedia.com\/fr\/wp-json\/wp\/v2\/pages"}],"about":[{"href":"https:\/\/blueprofilemedia.com\/fr\/wp-json\/wp\/v2\/types\/page"}],"author":[{"embeddable":true,"href":"https:\/\/blueprofilemedia.com\/fr\/wp-json\/wp\/v2\/users\/1"}],"replies":[{"embeddable":true,"href":"https:\/\/blueprofilemedia.com\/fr\/wp-json\/wp\/v2\/comments?post=4541"}],"version-history":[{"count":0,"href":"https:\/\/blueprofilemedia.com\/fr\/wp-json\/wp\/v2\/pages\/4541\/revisions"}],"wp:attachment":[{"href":"https:\/\/blueprofilemedia.com\/fr\/wp-json\/wp\/v2\/media?parent=4541"}],"curies":[{"name":"wp","href":"https:\/\/api.w.org\/{rel}","templated":true}]}}