{"id":4533,"date":"2024-05-09T00:04:56","date_gmt":"2024-05-08T23:04:56","guid":{"rendered":"https:\/\/blueprofilemedia.com\/tendances-marketing\/"},"modified":"2026-03-31T22:12:35","modified_gmt":"2026-03-31T21:12:35","slug":"tendances-marketing","status":"publish","type":"page","link":"https:\/\/blueprofilemedia.com\/fr\/tendances-marketing\/","title":{"rendered":"Tendances marketing"},"content":{"rendered":"\n<div class=\"wp-block-uagb-container uagb-block-a8606d6e alignfull uagb-is-root-container\"><div class=\"uagb-container-inner-blocks-wrap\">\n<div class=\"wp-block-uagb-info-box uagb-block-614c16d2 uagb-infobox__content-wrap  uagb-infobox-icon-above-title uagb-infobox-image-valign-top\"><div class=\"uagb-ifb-content\"><div class=\"uagb-ifb-title-wrap\"><h5 class=\"uagb-ifb-title-prefix\">Tendances marketing<\/h5><h5 class=\"uagb-ifb-title\"><br\/>Du SEO aux r\u00e9seaux sociaux, d\u00e9couvrez les strat\u00e9gies, les tendances et les conseils qui g\u00e9n\u00e8rent de r\u00e9els r\u00e9sultats en marketing num\u00e9rique.<\/h5><\/div><div class=\"uagb-ifb-button-wrapper wp-block-button\"><a href=\"https:\/\/blueprofilemedia.com\/fr\/contact\/\" class=\"uagb-infobox-cta-link wp-block-button__link\" target=\"_self\" rel=\"noopener noreferrer\" onclick=\"return true;\"><span class=\"uagb-inline-editing\">DEMANDER UNE SOUMISSION<\/span><\/a><\/div><\/div><\/div>\n<\/div><\/div>\n\n<div class=\"wp-block-uagb-container uagb-block-njipnzqw alignfull uagb-is-root-container\"><div class=\"uagb-container-inner-blocks-wrap\">\n<div class=\"wp-block-uagb-container uagb-block-c8zrydfn alignfull uagb-is-root-container\"><div class=\"uagb-container-inner-blocks-wrap\">\n<div class=\"wp-block-uagb-image aligncenter uagb-block-c2pr6isk wp-block-uagb-image--layout-default wp-block-uagb-image--effect-static wp-block-uagb-image--align-center alignleft\"><figure class=\"wp-block-uagb-image__figure\"><img decoding=\"async\" srcset=\"https:\/\/blueprofilemedia.com\/wp-content\/uploads\/2026\/03\/Blue-Profile-Media-marketing-insights-450.jpg ,https:\/\/blueprofilemedia.com\/wp-content\/uploads\/2026\/03\/Blue-Profile-Media-marketing-insights-450.jpg 780w, https:\/\/blueprofilemedia.com\/wp-content\/uploads\/2026\/03\/Blue-Profile-Media-marketing-insights-450.jpg 360w\" sizes=\"auto, (max-width: 480px) 150px\" src=\"https:\/\/blueprofilemedia.com\/wp-content\/uploads\/2026\/03\/Blue-Profile-Media-marketing-insights-450.jpg\" alt=\"Infographie isom\u00e9trique 3D d'une ampoule de cristal lumineuse repr\u00e9sentant les insights marketing, connect\u00e9e \u00e0 des n\u0153uds pour la d\u00e9couverte optimis\u00e9e, la strat\u00e9gie bas\u00e9e sur les donn\u00e9es et la croissance du classement.\" class=\"uag-image-4936\" width=\"250\" height=\"250\" title=\"Infographie sur les insights marketing strat\u00e9giques et le SEO local\" loading=\"lazy\" role=\"img\"><\/figure><\/div>\n\n\n\n<div class=\"wp-block-uagb-info-box uagb-block-jcf8hcvo uagb-infobox__content-wrap  uagb-infobox-icon-above-title uagb-infobox-image-valign-top\"><div class=\"uagb-ifb-content\"><div class=\"uagb-ifb-title-wrap\"><h2 class=\"uagb-ifb-title\">Actualit\u00e9s et tendances du marketing<\/h2><\/div><div class=\"uagb-ifb-separator\"><\/div><p class=\"uagb-ifb-desc\">D\u00e9couvrez votre ressource de r\u00e9f\u00e9rence pour les perspectives marketing et les conseils d&rsquo;experts.<br\/>Sp\u00e9cialistes du r\u00e9f\u00e9rencement local, nous analysons pour vous les plateformes de visibilit\u00e9 : Google Business Profile (GBP), Apple Business Connect et Bing Places. Profitez de notre expertise pour optimiser votre pr\u00e9sence num\u00e9rique et dominer votre secteur d&rsquo;activit\u00e9 <\/p><\/div><\/div>\n<\/div><\/div>\n\n\n\n<div class=\"wp-block-uagb-container uagb-layout-grid uagb-block-xvtixox3\">\n<div class=\"wp-block-uagb-container uagb-block-dss8jcdw\">\n<div class=\"wp-block-uagb-image alignleft uagb-block-in2ygjdj wp-block-uagb-image--layout-default wp-block-uagb-image--effect-static wp-block-uagb-image--align-left\"><figure class=\"wp-block-uagb-image__figure\"><img decoding=\"async\" srcset=\"https:\/\/blueprofilemedia.com\/wp-content\/uploads\/2025\/10\/Google-Business-Profile-Insights.jpg ,https:\/\/blueprofilemedia.com\/wp-content\/uploads\/2025\/10\/Google-Business-Profile-Insights.jpg 780w, https:\/\/blueprofilemedia.com\/wp-content\/uploads\/2025\/10\/Google-Business-Profile-Insights.jpg 360w\" sizes=\"auto, (max-width: 480px) 150px\" src=\"https:\/\/blueprofilemedia.com\/wp-content\/uploads\/2025\/10\/Google-Business-Profile-Insights.jpg\" alt=\"L\u2019ic\u00f4ne du logo Google Business Profile \u00e0 c\u00f4t\u00e9 d\u2019un rep\u00e8re de carte, illustrant pourquoi une entreprise a besoin de r\u00e9f\u00e9rencement local et d\u2019une visibilit\u00e9 maximale sur Google Maps.\" class=\"uag-image-3856\" width=\"384\" height=\"288\" title=\"Pourquoi votre entreprise a besoin d'un profil Google Business pour la recherche locale\" loading=\"lazy\" role=\"img\"><\/figure><\/div>\n\n\n\n<div class=\"wp-block-uagb-info-box uagb-block-ytr34kgq uagb-infobox__content-wrap  uagb-infobox-icon-above-title uagb-infobox-image-valign-top\"><div class=\"uagb-ifb-content\"><div class=\"uagb-ifb-title-wrap\"><h3 class=\"uagb-ifb-title\"><strong>Pourquoi votre entreprise a besoin d&rsquo;un profil Google Business<\/strong><\/h3><\/div><p class=\"uagb-ifb-desc\">L&rsquo;un des outils les plus puissants, et pourtant souvent n\u00e9glig\u00e9 par les petites et moyennes entreprises, est Google Business Profile.<\/p><\/div><\/div>\n\n\n\n<div class=\"wp-block-uagb-buttons uagb-buttons__outer-wrap uagb-btn__default-btn uagb-btn-tablet__default-btn uagb-btn-mobile__default-btn uagb-block-yovq0rbo\"><div class=\"uagb-buttons__wrap uagb-buttons-layout-wrap \">\n<div class=\"wp-block-uagb-buttons-child uagb-buttons__outer-wrap uagb-block-c7cfgj8j wp-block-button\"><div class=\"uagb-button__wrapper\"><a class=\"uagb-buttons-repeater wp-block-button__link\" aria-label=\"\" href=\"https:\/\/blueprofilemedia.com\/fr\/tendances-marketing\/profil-google-business\/\" rel=\"follow noopener\" target=\"_self\" role=\"button\"><span class=\"uagb-button__icon uagb-button__icon-position-before\"><svg xmlns=\"https:\/\/www.w3.org\/2000\/svg\" viewbox=\"0 0 320 512\" aria-hidden=\"true\" focussable=\"false\"><path d=\"M96 480c-8.188 0-16.38-3.125-22.62-9.375c-12.5-12.5-12.5-32.75 0-45.25L242.8 256L73.38 86.63c-12.5-12.5-12.5-32.75 0-45.25s32.75-12.5 45.25 0l192 192c12.5 12.5 12.5 32.75 0 45.25l-192 192C112.4 476.9 104.2 480 96 480z\"><\/path><\/svg><\/span><div class=\"uagb-button__link\">En savoir plus<\/div><\/a><\/div><\/div>\n<\/div><\/div>\n<\/div>\n\n\n\n<div class=\"wp-block-uagb-container uagb-block-g5yxmkvs\">\n<div class=\"wp-block-uagb-image alignleft uagb-block-ggno1zsu wp-block-uagb-image--layout-default wp-block-uagb-image--effect-static wp-block-uagb-image--align-left\"><figure class=\"wp-block-uagb-image__figure\"><img decoding=\"async\" srcset=\"https:\/\/blueprofilemedia.com\/wp-content\/uploads\/2025\/10\/bing-places-profile-insights.jpg ,https:\/\/blueprofilemedia.com\/wp-content\/uploads\/2025\/10\/bing-places-profile-insights.jpg 780w, https:\/\/blueprofilemedia.com\/wp-content\/uploads\/2025\/10\/bing-places-profile-insights.jpg 360w\" sizes=\"auto, (max-width: 480px) 150px\" src=\"https:\/\/blueprofilemedia.com\/wp-content\/uploads\/2025\/10\/bing-places-profile-insights.jpg\" alt=\"Logo de Bing Places for Business : l'importance d'inscrire votre entreprise dans les r\u00e9pertoires locaux strat\u00e9giques pour optimiser votre visibilit\u00e9 SEO.\" class=\"uag-image-3859\" width=\"384\" height=\"288\" title=\"Pourquoi votre entreprise a besoin d'un profil Bing Places pour sa visibilit\u00e9 locale\" loading=\"lazy\" role=\"img\"><\/figure><\/div>\n\n\n\n<div class=\"wp-block-uagb-info-box uagb-block-bsrsbv8a uagb-infobox__content-wrap  uagb-infobox-icon-above-title uagb-infobox-image-valign-top\"><div class=\"uagb-ifb-content\"><div class=\"uagb-ifb-title-wrap\"><h3 class=\"uagb-ifb-title\"><strong>Pourquoi votre entreprise a besoin d&rsquo;un profil Bing Places<\/strong><\/h3><\/div><p class=\"uagb-ifb-desc\">Bing Places for Business est une plateforme trop souvent ignor\u00e9e qui peut augmenter de mani\u00e8re significative votre visibilit\u00e9 local.<\/p><\/div><\/div>\n\n\n\n<div class=\"wp-block-uagb-buttons uagb-buttons__outer-wrap uagb-btn__default-btn uagb-btn-tablet__default-btn uagb-btn-mobile__default-btn uagb-block-k5cf4mvk\"><div class=\"uagb-buttons__wrap uagb-buttons-layout-wrap \">\n<div class=\"wp-block-uagb-buttons-child uagb-buttons__outer-wrap uagb-block-dyearii0 wp-block-button\"><div class=\"uagb-button__wrapper\"><a class=\"uagb-buttons-repeater wp-block-button__link\" aria-label=\"\" href=\"https:\/\/blueprofilemedia.com\/fr\/tendances-marketing\/profil-bing-places\/\" rel=\"follow noopener\" target=\"_self\" role=\"button\"><div class=\"uagb-button__link\">En savoir plus<\/div><span class=\"uagb-button__icon uagb-button__icon-position-after\"><svg xmlns=\"https:\/\/www.w3.org\/2000\/svg\" viewbox=\"0 0 320 512\" aria-hidden=\"true\" focussable=\"false\"><path d=\"M96 480c-8.188 0-16.38-3.125-22.62-9.375c-12.5-12.5-12.5-32.75 0-45.25L242.8 256L73.38 86.63c-12.5-12.5-12.5-32.75 0-45.25s32.75-12.5 45.25 0l192 192c12.5 12.5 12.5 32.75 0 45.25l-192 192C112.4 476.9 104.2 480 96 480z\"><\/path><\/svg><\/span><\/a><\/div><\/div>\n<\/div><\/div>\n<\/div>\n\n\n\n<div class=\"wp-block-uagb-container uagb-block-je3xlftk\">\n<div class=\"wp-block-uagb-image alignleft uagb-block-fejcy4lp wp-block-uagb-image--layout-default wp-block-uagb-image--effect-static wp-block-uagb-image--align-left\"><figure class=\"wp-block-uagb-image__figure\"><img decoding=\"async\" srcset=\"https:\/\/blueprofilemedia.com\/wp-content\/uploads\/2025\/10\/yelp-business-insights.jpg ,https:\/\/blueprofilemedia.com\/wp-content\/uploads\/2025\/10\/yelp-business-insights.jpg 780w, https:\/\/blueprofilemedia.com\/wp-content\/uploads\/2025\/10\/yelp-business-insights.jpg 360w\" sizes=\"auto, (max-width: 480px) 150px\" src=\"https:\/\/blueprofilemedia.com\/wp-content\/uploads\/2025\/10\/yelp-business-insights.jpg\" alt=\"Logo Yelp : l'importance de prendre le contr\u00f4le de votre page d'entreprise pour renforcer votre cr\u00e9dibilit\u00e9 et surveiller vos avis clients.\" class=\"uag-image-3863\" width=\"384\" height=\"288\" title=\"Pourquoi votre entreprise doit \u00eatre sur Yelp : optimisez vos avis et votre r\u00e9f\u00e9rencement local\" loading=\"lazy\" role=\"img\"><\/figure><\/div>\n\n\n\n<div class=\"wp-block-uagb-info-box uagb-block-nx6ogvni uagb-infobox__content-wrap  uagb-infobox-icon-above-title uagb-infobox-image-valign-top\"><div class=\"uagb-ifb-content\"><div class=\"uagb-ifb-title-wrap\"><h3 class=\"uagb-ifb-title\">Pourquoi votre entreprise doit-elle \u00eatre pr\u00e9sente sur Yelp<\/h3><\/div><p class=\"uagb-ifb-desc\">Avec plus de 90 millions de visiteurs par mois, poss\u00e9der un profil Yelp pour entreprises est devenu une n\u00e9cessit\u00e9.<\/p><\/div><\/div>\n\n\n\n<div class=\"wp-block-uagb-buttons uagb-buttons__outer-wrap uagb-btn__default-btn uagb-btn-tablet__default-btn uagb-btn-mobile__default-btn uagb-block-6x6x5b6q\"><div class=\"uagb-buttons__wrap uagb-buttons-layout-wrap \">\n<div class=\"wp-block-uagb-buttons-child uagb-buttons__outer-wrap uagb-block-noanpcyn wp-block-button\"><div class=\"uagb-button__wrapper\"><a class=\"uagb-buttons-repeater wp-block-button__link\" aria-label=\"\" href=\"https:\/\/blueprofilemedia.com\/fr\/tendances-marketing\/profil-entreprise-yelp\/\" rel=\"follow noopener\" target=\"_self\" role=\"button\"><div class=\"uagb-button__link\">En savoir plus<\/div><span class=\"uagb-button__icon uagb-button__icon-position-after\"><svg xmlns=\"https:\/\/www.w3.org\/2000\/svg\" viewbox=\"0 0 320 512\" aria-hidden=\"true\" focussable=\"false\"><path d=\"M96 480c-8.188 0-16.38-3.125-22.62-9.375c-12.5-12.5-12.5-32.75 0-45.25L242.8 256L73.38 86.63c-12.5-12.5-12.5-32.75 0-45.25s32.75-12.5 45.25 0l192 192c12.5 12.5 12.5 32.75 0 45.25l-192 192C112.4 476.9 104.2 480 96 480z\"><\/path><\/svg><\/span><\/a><\/div><\/div>\n<\/div><\/div>\n<\/div>\n\n\n\n<div class=\"wp-block-uagb-container uagb-block-g9w5qxt3\">\n<div class=\"wp-block-uagb-image alignleft uagb-block-ksracjsr wp-block-uagb-image--layout-default wp-block-uagb-image--effect-static wp-block-uagb-image--align-left\"><figure class=\"wp-block-uagb-image__figure\"><img decoding=\"async\" srcset=\"https:\/\/blueprofilemedia.com\/wp-content\/uploads\/2025\/10\/apple-Business-Connect-insights.png ,https:\/\/blueprofilemedia.com\/wp-content\/uploads\/2025\/10\/apple-Business-Connect-insights.png 780w, https:\/\/blueprofilemedia.com\/wp-content\/uploads\/2025\/10\/apple-Business-Connect-insights.png 360w\" sizes=\"auto, (max-width: 480px) 150px\" src=\"https:\/\/blueprofilemedia.com\/wp-content\/uploads\/2025\/10\/apple-Business-Connect-insights.png\" alt=\"Le logo officiel d'Apple Business Connect, d\u00e9montrant la n\u00e9cessit\u00e9 pour les entreprises locales de g\u00e9rer leur pr\u00e9sence sur Apple Maps et dans les r\u00e9sultats de recherche de Siri.\" class=\"uag-image-3870\" width=\"384\" height=\"288\" title=\"L'importance d'Apple Business Connect pour le r\u00e9f\u00e9rencement local sur Apple Maps\" loading=\"lazy\" role=\"img\"><\/figure><\/div>\n\n\n\n<div class=\"wp-block-uagb-info-box uagb-block-hpqf86vr uagb-infobox__content-wrap  uagb-infobox-icon-above-title uagb-infobox-image-valign-top\"><div class=\"uagb-ifb-content\"><div class=\"uagb-ifb-title-wrap\"><h3 class=\"uagb-ifb-title\"><strong>Pourquoi les entreprises locales ont besoin d&rsquo;Apple Business Connect<\/strong><\/h3><\/div><p class=\"uagb-ifb-desc\">Apple Business Connect est un outil puissant qui offre un contr\u00f4le direct sur la fa\u00e7on dont votre entreprise appara\u00eet sur les plateformes d&rsquo;Apple.<\/p><\/div><\/div>\n\n\n\n<div class=\"wp-block-uagb-buttons uagb-buttons__outer-wrap uagb-btn__default-btn uagb-btn-tablet__default-btn uagb-btn-mobile__default-btn uagb-block-spoxxpli\"><div class=\"uagb-buttons__wrap uagb-buttons-layout-wrap \">\n<div class=\"wp-block-uagb-buttons-child uagb-buttons__outer-wrap uagb-block-6lxdkmdv wp-block-button\"><div class=\"uagb-button__wrapper\"><a class=\"uagb-buttons-repeater wp-block-button__link\" aria-label=\"\" href=\"https:\/\/blueprofilemedia.com\/fr\/tendances-marketing\/apple-business-connect\/\" rel=\"follow noopener\" target=\"_self\" role=\"button\"><div class=\"uagb-button__link\">En savoir plus<\/div><span class=\"uagb-button__icon uagb-button__icon-position-after\"><svg xmlns=\"https:\/\/www.w3.org\/2000\/svg\" viewbox=\"0 0 320 512\" aria-hidden=\"true\" focussable=\"false\"><path d=\"M96 480c-8.188 0-16.38-3.125-22.62-9.375c-12.5-12.5-12.5-32.75 0-45.25L242.8 256L73.38 86.63c-12.5-12.5-12.5-32.75 0-45.25s32.75-12.5 45.25 0l192 192c12.5 12.5 12.5 32.75 0 45.25l-192 192C112.4 476.9 104.2 480 96 480z\"><\/path><\/svg><\/span><\/a><\/div><\/div>\n<\/div><\/div>\n<\/div>\n\n\n\n<div class=\"wp-block-uagb-container uagb-block-brbkwiyw\">\n<div class=\"wp-block-uagb-image alignleft uagb-block-ux8nat8x wp-block-uagb-image--layout-default wp-block-uagb-image--effect-static wp-block-uagb-image--align-left\"><figure class=\"wp-block-uagb-image__figure\"><img decoding=\"async\" srcset=\"https:\/\/blueprofilemedia.com\/wp-content\/uploads\/2025\/04\/local-citations.jpg ,https:\/\/blueprofilemedia.com\/wp-content\/uploads\/2025\/04\/local-citations.jpg 780w, https:\/\/blueprofilemedia.com\/wp-content\/uploads\/2025\/04\/local-citations.jpg 360w\" sizes=\"auto, (max-width: 480px) 150px\" src=\"https:\/\/blueprofilemedia.com\/wp-content\/uploads\/2025\/04\/local-citations.jpg\" alt=\"Collage de logos (Google, Yelp, Facebook, Apple) : l'importance d'une pr\u00e9sence \u00e9tendue sur les annuaires et r\u00e9pertoires locaux pour dominer le r\u00e9f\u00e9rencement local.\" class=\"uag-image-3615\" width=\"384\" height=\"288\" title=\"Pourquoi les citations locales sont cruciales pour la croissance des entreprises et le classement SEO\" loading=\"lazy\" role=\"img\"><\/figure><\/div>\n\n\n\n<div class=\"wp-block-uagb-info-box uagb-block-vlatyvjp uagb-infobox__content-wrap  uagb-infobox-icon-above-title uagb-infobox-image-valign-top\"><div class=\"uagb-ifb-content\"><div class=\"uagb-ifb-title-wrap\"><h3 class=\"uagb-ifb-title\"><strong>Pourquoi les citations locales sont importantes pour la croissance des entreprises<\/strong><\/h3><\/div><p class=\"uagb-ifb-desc\">En mati\u00e8re de r\u00e9f\u00e9rencement local, les citations locales constituent l&rsquo;un des facteurs les plus performants, bien qu&rsquo;elles soient trop souvent ignor\u00e9es.<\/p><\/div><\/div>\n\n\n\n<div class=\"wp-block-uagb-buttons uagb-buttons__outer-wrap uagb-btn__default-btn uagb-btn-tablet__default-btn uagb-btn-mobile__default-btn uagb-block-fox96gq9\"><div class=\"uagb-buttons__wrap uagb-buttons-layout-wrap \">\n<div class=\"wp-block-uagb-buttons-child uagb-buttons__outer-wrap uagb-block-1jirq7xi wp-block-button\"><div class=\"uagb-button__wrapper\"><a class=\"uagb-buttons-repeater wp-block-button__link\" aria-label=\"\" href=\"https:\/\/blueprofilemedia.com\/fr\/tendances-marketing\/citations-locales\/\" rel=\"follow noopener\" target=\"_self\" role=\"button\"><div class=\"uagb-button__link\">En savoir plus<\/div><span class=\"uagb-button__icon uagb-button__icon-position-after\"><svg xmlns=\"https:\/\/www.w3.org\/2000\/svg\" viewbox=\"0 0 320 512\" aria-hidden=\"true\" focussable=\"false\"><path d=\"M96 480c-8.188 0-16.38-3.125-22.62-9.375c-12.5-12.5-12.5-32.75 0-45.25L242.8 256L73.38 86.63c-12.5-12.5-12.5-32.75 0-45.25s32.75-12.5 45.25 0l192 192c12.5 12.5 12.5 32.75 0 45.25l-192 192C112.4 476.9 104.2 480 96 480z\"><\/path><\/svg><\/span><\/a><\/div><\/div>\n<\/div><\/div>\n<\/div>\n\n\n\n<div class=\"wp-block-uagb-container uagb-block-4gsccwws\">\n<div class=\"wp-block-uagb-image alignleft uagb-block-lefbunpm wp-block-uagb-image--layout-default wp-block-uagb-image--effect-static wp-block-uagb-image--align-left\"><figure class=\"wp-block-uagb-image__figure\"><img decoding=\"async\" srcset=\"https:\/\/blueprofilemedia.com\/wp-content\/uploads\/2025\/10\/Directory-Submissions.jpg ,https:\/\/blueprofilemedia.com\/wp-content\/uploads\/2025\/10\/Directory-Submissions.jpg 780w, https:\/\/blueprofilemedia.com\/wp-content\/uploads\/2025\/10\/Directory-Submissions.jpg 360w\" sizes=\"auto, (max-width: 480px) 150px\" src=\"https:\/\/blueprofilemedia.com\/wp-content\/uploads\/2025\/10\/Directory-Submissions.jpg\" alt=\"Infographie illustrant les avantages de l'inscription dans les annuaires pour les entreprises, mettant en avant une visibilit\u00e9 accrue, la confiance, l'autorit\u00e9 et la coh\u00e9rence des donn\u00e9es NAP pour un meilleur SEO local.\" class=\"uag-image-3854\" width=\"384\" height=\"288\" title=\"L'importance des r\u00e9pertoires : optimisez votre visibilit\u00e9 locale et la fiabilit\u00e9 de vos donn\u00e9es\" loading=\"lazy\" role=\"img\"><\/figure><\/div>\n\n\n\n<div class=\"wp-block-uagb-info-box uagb-block-mpkaxmp2 uagb-infobox__content-wrap  uagb-infobox-icon-above-title uagb-infobox-image-valign-top\"><div class=\"uagb-ifb-content\"><div class=\"uagb-ifb-title-wrap\"><h3 class=\"uagb-ifb-title\"><strong>Pourquoi l&rsquo;inscription dans les r\u00e9pertoires compte toujours pour les entreprises<\/strong><\/h3><\/div><p class=\"uagb-ifb-desc\">Inscrire votre entreprise dans des r\u00e9pertoires Web de qualit\u00e9 constitue un levier puissant pour accro\u00eetre votre pr\u00e9sence locale et optimiser votre r\u00e9f\u00e9rencement.<\/p><\/div><\/div>\n\n\n\n<div class=\"wp-block-uagb-buttons uagb-buttons__outer-wrap uagb-btn__default-btn uagb-btn-tablet__default-btn uagb-btn-mobile__default-btn uagb-block-cuqxu9me\"><div class=\"uagb-buttons__wrap uagb-buttons-layout-wrap \">\n<div class=\"wp-block-uagb-buttons-child uagb-buttons__outer-wrap uagb-block-7ljgm2pd wp-block-button\"><div class=\"uagb-button__wrapper\"><a class=\"uagb-buttons-repeater wp-block-button__link\" aria-label=\"\" href=\"https:\/\/blueprofilemedia.com\/fr\/tendances-marketing\/linscription-repertoires\/\" rel=\"follow noopener\" target=\"_self\" role=\"button\"><div class=\"uagb-button__link\">En savoir plus<\/div><span class=\"uagb-button__icon uagb-button__icon-position-after\"><svg xmlns=\"https:\/\/www.w3.org\/2000\/svg\" viewbox=\"0 0 320 512\" aria-hidden=\"true\" focussable=\"false\"><path d=\"M96 480c-8.188 0-16.38-3.125-22.62-9.375c-12.5-12.5-12.5-32.75 0-45.25L242.8 256L73.38 86.63c-12.5-12.5-12.5-32.75 0-45.25s32.75-12.5 45.25 0l192 192c12.5 12.5 12.5 32.75 0 45.25l-192 192C112.4 476.9 104.2 480 96 480z\"><\/path><\/svg><\/span><\/a><\/div><\/div>\n<\/div><\/div>\n<\/div>\n<\/div>\n\n\n\n<div class=\"wp-block-uagb-container uagb-block-b997312a alignfull uagb-is-root-container\"><div class=\"uagb-container-inner-blocks-wrap\">\n<div class=\"wp-block-uagb-container uagb-block-13203842\">\n<div class=\"wp-block-uagb-container uagb-block-ecc1efd2\">\n<div class=\"wp-block-uagb-advanced-heading uagb-block-9ee91cfb\"><h3 class=\"uagb-heading-text\">Confiez votre SEO aux experts de Blue Profile Media. Prenez rendez-vous pour une consultation strat\u00e9gique. <\/h3><\/div>\n<\/div>\n\n\n\n<div class=\"wp-block-uagb-container uagb-block-bc692aa6\">\n<div class=\"wp-block-uagb-buttons uagb-buttons__outer-wrap uagb-btn__default-btn uagb-btn-tablet__default-btn uagb-btn-mobile__default-btn uagb-block-7e52e495\"><div class=\"uagb-buttons__wrap uagb-buttons-layout-wrap \">\n<div class=\"wp-block-uagb-buttons-child uagb-buttons__outer-wrap uagb-block-d746d711 wp-block-button\"><div class=\"uagb-button__wrapper\"><a class=\"uagb-buttons-repeater wp-block-button__link\" aria-label=\"\" href=\"tel:+15148864635\" rel=\"follow noopener\" target=\"_self\" role=\"button\"><div class=\"uagb-button__link\">514-886-4635<\/div><\/a><\/div><\/div>\n<\/div><\/div>\n<\/div>\n<\/div>\n<\/div><\/div>\n<\/div><\/div>\n\n<p><\/p>\n","protected":false},"excerpt":{"rendered":"<p>Confiez votre SEO aux experts de Blue Profile Media. Prenez rendez-vous pour une consultation strat\u00e9gique.<\/p>\n","protected":false},"author":1,"featured_media":4535,"parent":0,"menu_order":0,"comment_status":"closed","ping_status":"closed","template":"","meta":{"_uag_custom_page_level_css":"","site-sidebar-layout":"no-sidebar","site-content-layout":"page-builder","ast-site-content-layout":"full-width-container","site-content-style":"unboxed","site-sidebar-style":"unboxed","ast-global-header-display":"","ast-banner-title-visibility":"","ast-main-header-display":"","ast-hfb-above-header-display":"","ast-hfb-below-header-display":"","ast-hfb-mobile-header-display":"","site-post-title":"disabled","ast-breadcrumbs-content":"","ast-featured-img":"","footer-sml-layout":"","ast-disable-related-posts":"","theme-transparent-header-meta":"enabled","adv-header-id-meta":"","stick-header-meta":"","header-above-stick-meta":"","header-main-stick-meta":"","header-below-stick-meta":"","astra-migrate-meta-layouts":"set","ast-page-background-enabled":"default","ast-page-background-meta":{"desktop":{"background-color":"","background-image":"","background-repeat":"repeat","background-position":"center center","background-size":"auto","background-attachment":"scroll","background-type":"","background-media":"","overlay-type":"","overlay-color":"","overlay-opacity":"","overlay-gradient":""},"tablet":{"background-color":"","background-image":"","background-repeat":"repeat","background-position":"center center","background-size":"auto","background-attachment":"scroll","background-type":"","background-media":"","overlay-type":"","overlay-color":"","overlay-opacity":"","overlay-gradient":""},"mobile":{"background-color":"","background-image":"","background-repeat":"repeat","background-position":"center center","background-size":"auto","background-attachment":"scroll","background-type":"","background-media":"","overlay-type":"","overlay-color":"","overlay-opacity":"","overlay-gradient":""}},"ast-content-background-meta":{"desktop":{"background-color":"var(--ast-global-color-5)","background-image":"","background-repeat":"repeat","background-position":"center center","background-size":"auto","background-attachment":"scroll","background-type":"","background-media":"","overlay-type":"","overlay-color":"","overlay-opacity":"","overlay-gradient":""},"tablet":{"background-color":"var(--ast-global-color-5)","background-image":"","background-repeat":"repeat","background-position":"center center","background-size":"auto","background-attachment":"scroll","background-type":"","background-media":"","overlay-type":"","overlay-color":"","overlay-opacity":"","overlay-gradient":""},"mobile":{"background-color":"var(--ast-global-color-5)","background-image":"","background-repeat":"repeat","background-position":"center center","background-size":"auto","background-attachment":"scroll","background-type":"","background-media":"","overlay-type":"","overlay-color":"","overlay-opacity":"","overlay-gradient":""}},"footnotes":""},"class_list":["post-4533","page","type-page","status-publish","has-post-thumbnail","hentry"],"uagb_featured_image_src":{"full":["https:\/\/blueprofilemedia.com\/wp-content\/uploads\/2024\/05\/logo-transparent-4-e1716401262471.png",155,175,false],"thumbnail":["https:\/\/blueprofilemedia.com\/wp-content\/uploads\/2024\/05\/logo-transparent-4-e1716401262471-150x150.png",150,150,true],"medium":["https:\/\/blueprofilemedia.com\/wp-content\/uploads\/2024\/05\/logo-transparent-4-300x300.png",300,300,true],"medium_large":["https:\/\/blueprofilemedia.com\/wp-content\/uploads\/2024\/05\/logo-transparent-4-e1716401262471.png",155,175,false],"large":["https:\/\/blueprofilemedia.com\/wp-content\/uploads\/2024\/05\/logo-transparent-4-e1716401262471.png",155,175,false],"1536x1536":["https:\/\/blueprofilemedia.com\/wp-content\/uploads\/2024\/05\/logo-transparent-4-e1716401262471.png",155,175,false],"2048x2048":["https:\/\/blueprofilemedia.com\/wp-content\/uploads\/2024\/05\/logo-transparent-4-e1716401262471.png",155,175,false]},"uagb_author_info":{"display_name":"blueprofilemedia.com","author_link":"https:\/\/blueprofilemedia.com\/fr\/author\/blueprofilemedia-com\/"},"uagb_comment_info":0,"uagb_excerpt":"Confiez votre SEO aux experts de Blue Profile Media. Prenez rendez-vous pour une consultation strat\u00e9gique.","_links":{"self":[{"href":"https:\/\/blueprofilemedia.com\/fr\/wp-json\/wp\/v2\/pages\/4533","targetHints":{"allow":["GET"]}}],"collection":[{"href":"https:\/\/blueprofilemedia.com\/fr\/wp-json\/wp\/v2\/pages"}],"about":[{"href":"https:\/\/blueprofilemedia.com\/fr\/wp-json\/wp\/v2\/types\/page"}],"author":[{"embeddable":true,"href":"https:\/\/blueprofilemedia.com\/fr\/wp-json\/wp\/v2\/users\/1"}],"replies":[{"embeddable":true,"href":"https:\/\/blueprofilemedia.com\/fr\/wp-json\/wp\/v2\/comments?post=4533"}],"version-history":[{"count":0,"href":"https:\/\/blueprofilemedia.com\/fr\/wp-json\/wp\/v2\/pages\/4533\/revisions"}],"wp:featuredmedia":[{"embeddable":true,"href":"https:\/\/blueprofilemedia.com\/fr\/wp-json\/wp\/v2\/media\/4535"}],"wp:attachment":[{"href":"https:\/\/blueprofilemedia.com\/fr\/wp-json\/wp\/v2\/media?parent=4533"}],"curies":[{"name":"wp","href":"https:\/\/api.w.org\/{rel}","templated":true}]}}