{"id":4527,"date":"2024-05-09T00:39:11","date_gmt":"2024-05-08T23:39:11","guid":{"rendered":"https:\/\/blueprofilemedia.com\/temoignages\/"},"modified":"2026-03-31T19:51:55","modified_gmt":"2026-03-31T18:51:55","slug":"temoignages","status":"publish","type":"page","link":"https:\/\/blueprofilemedia.com\/fr\/temoignages\/","title":{"rendered":"T\u00e9moignages"},"content":{"rendered":"\n<div class=\"wp-block-uagb-container uagb-block-70b6af89 alignfull uagb-is-root-container\"><div class=\"uagb-container-inner-blocks-wrap\">\n<div class=\"wp-block-uagb-info-box uagb-block-614c16d2 uagb-infobox__content-wrap  uagb-infobox-icon-above-title uagb-infobox-image-valign-top\"><div class=\"uagb-ifb-content\"><div class=\"uagb-ifb-title-wrap\"><h5 class=\"uagb-ifb-title-prefix\">T\u00e9moignages<\/h5><h5 class=\"uagb-ifb-title\"><br\/>D\u00e9couvrez les t\u00e9moignages de nos clients satisfaits qui ont pu appr\u00e9cier la qualit\u00e9 et la valeur de nos produits et services<br\/><br\/><\/h5><\/div><div class=\"uagb-ifb-button-wrapper wp-block-button\"><a href=\"https:\/\/blueprofilemedia.com\/fr\/contact\/\" class=\"uagb-infobox-cta-link wp-block-button__link\" target=\"_self\" rel=\"noopener noreferrer\" onclick=\"return true;\"><span class=\"uagb-inline-editing\">Pour vous aider<\/span><\/a><\/div><\/div><\/div>\n<\/div><\/div>\n\n<div class=\"wp-block-uagb-container uagb-block-ptd5dshy alignfull uagb-is-root-container\"><div class=\"uagb-container-inner-blocks-wrap\">\n<div class=\"wp-block-uagb-container uagb-block-c8zrydfn alignfull uagb-is-root-container\"><div class=\"uagb-container-inner-blocks-wrap\">\n<div class=\"wp-block-uagb-image aligncenter uagb-block-c2pr6isk wp-block-uagb-image--layout-default wp-block-uagb-image--effect-static wp-block-uagb-image--align-center alignleft\"><figure class=\"wp-block-uagb-image__figure\"><img decoding=\"async\" srcset=\"https:\/\/blueprofilemedia.com\/wp-content\/uploads\/2026\/03\/Blue-Profile-Media-Testimonials-350.jpg ,https:\/\/blueprofilemedia.com\/wp-content\/uploads\/2026\/03\/Blue-Profile-Media-Testimonials-350.jpg 780w, https:\/\/blueprofilemedia.com\/wp-content\/uploads\/2026\/03\/Blue-Profile-Media-Testimonials-350.jpg 360w\" sizes=\"auto, (max-width: 480px) 150px\" src=\"https:\/\/blueprofilemedia.com\/wp-content\/uploads\/2026\/03\/Blue-Profile-Media-Testimonials-350.jpg\" alt=\"Infographie isom\u00e9trique 3D d'un nuage cristallin lumineux d'\u00e9valuation 5 \u00e9toiles survolant une carte m\u00e8re connect\u00e9e \u00e0 des socles repr\u00e9sentant les commentaires, la confiance et la preuve sociale.\" class=\"uag-image-4944\" width=\"350\" height=\"350\" title=\"Infographie compl\u00e8te sur les t\u00e9moignages clients et la preuve sociale \u2014 Un sch\u00e9ma d\u00e9taill\u00e9 des piliers de confiance et de r\u00e9putation par Blue Profile Media.\" loading=\"lazy\" role=\"img\"><\/figure><\/div>\n\n\n\n<div class=\"wp-block-uagb-info-box uagb-block-jcf8hcvo uagb-infobox__content-wrap  uagb-infobox-icon-above-title uagb-infobox-image-valign-top\"><div class=\"uagb-ifb-content\"><div class=\"uagb-ifb-title-wrap\"><h2 class=\"uagb-ifb-title\">Ce que disent <br\/>nos clients<\/h2><\/div><div class=\"uagb-ifb-separator\"><\/div><p class=\"uagb-ifb-desc\">Pr\u00eat \u00e0 rejoindre nos clients satisfaits ? Contactez-nous d\u00e8s aujourd&rsquo;hui pour d\u00e9couvrir comment nous pouvons vous accompagner vers vos objectifs et faire de vous notre prochain succ\u00e8s ! <\/p><\/div><\/div>\n<\/div><\/div>\n\n\n\n<div class=\"wp-block-uagb-container uagb-block-wffj9czy\">\n<div class=\"wp-block-uagb-container uagb-block-imhyxmcu\">\n<div class=\"wp-block-uagb-star-rating uagb-block-xdubujjn\"><div class=\"uag-star-rating\" title=\"5\/5\"><span class=\"uag-star\">\u2605<\/span><span class=\"uag-star\">\u2605<\/span><span class=\"uag-star\">\u2605<\/span><span class=\"uag-star\">\u2605<\/span><span class=\"uag-star\">\u2605<\/span><\/div><\/div>\n\n\n\n<div class=\"wp-block-uagb-info-box uagb-block-yazghbsg uagb-infobox__content-wrap  uagb-infobox-icon-above-title uagb-infobox-image-valign-top\"><div class=\"uagb-ifb-content\"><div class=\"uagb-ifb-title-wrap\"><\/div><\/div><\/div>\n\n\n\n<div class=\"wp-block-uagb-info-box uagb-block-nusddqjp uagb-infobox__content-wrap  uagb-infobox-icon-above-title uagb-infobox-image-valign-top\"><div class=\"uagb-ifb-content\"><div class=\"uagb-ifb-title-wrap\"><\/div><\/div><\/div>\n<\/div>\n\n\n\n<div class=\"wp-block-uagb-container uagb-block-5vf36zib\">\n<div class=\"wp-block-uagb-star-rating uagb-block-tj4owgal\"><div class=\"uag-star-rating\" title=\"5\/5\"><span class=\"uag-star\">\u2605<\/span><span class=\"uag-star\">\u2605<\/span><span class=\"uag-star\">\u2605<\/span><span class=\"uag-star\">\u2605<\/span><span class=\"uag-star\">\u2605<\/span><\/div><\/div>\n\n\n\n<div class=\"wp-block-uagb-info-box uagb-block-btlbnz40 uagb-infobox__content-wrap  uagb-infobox-icon-above-title uagb-infobox-image-valign-top\"><div class=\"uagb-ifb-content\"><div class=\"uagb-ifb-title-wrap\"><\/div><\/div><\/div>\n\n\n\n<div class=\"wp-block-uagb-info-box uagb-block-yu9djubs uagb-infobox__content-wrap  uagb-infobox-icon-above-title uagb-infobox-image-valign-top\"><div class=\"uagb-ifb-content\"><div class=\"uagb-ifb-title-wrap\"><\/div><\/div><\/div>\n<\/div>\n<\/div>\n<\/div><\/div>\n\n<div class=\"wp-block-uagb-container uagb-block-c55dc893 alignfull uagb-is-root-container\"><div class=\"uagb-container-inner-blocks-wrap\">\n<div class=\"wp-block-uagb-container uagb-block-0e0082da alignfull uagb-is-root-container\"><div class=\"uagb-container-inner-blocks-wrap\">\n<div class=\"wp-block-uagb-container uagb-block-933d722c\">\n<div class=\"wp-block-uagb-container uagb-block-01d67d69\">\n<div class=\"wp-block-uagb-advanced-heading uagb-block-710c2c6f\"><h3 class=\"uagb-heading-text\">Pr\u00eat \u00e0 \u00eatre notre prochain succ\u00e8s ? D\u00e9couvrez ce que nous pouvons faire pour vous<\/h3><\/div>\n<\/div>\n\n\n\n<div class=\"wp-block-uagb-container uagb-block-bc692aa6\">\n<div class=\"wp-block-uagb-buttons uagb-buttons__outer-wrap uagb-btn__default-btn uagb-btn-tablet__default-btn uagb-btn-mobile__default-btn uagb-block-7e52e495\"><div class=\"uagb-buttons__wrap uagb-buttons-layout-wrap \">\n<div class=\"wp-block-uagb-buttons-child uagb-buttons__outer-wrap uagb-block-d746d711 wp-block-button\"><div class=\"uagb-button__wrapper\"><a class=\"uagb-buttons-repeater wp-block-button__link\" aria-label=\"\" href=\"tel:+15148864635\" rel=\"follow noopener\" target=\"_self\" role=\"button\"><div class=\"uagb-button__link\">514-886-4635<\/div><\/a><\/div><\/div>\n<\/div><\/div>\n<\/div>\n<\/div>\n<\/div><\/div>\n<\/div><\/div>\n","protected":false},"excerpt":{"rendered":"<p>Pr\u00eat \u00e0 \u00eatre notre prochain succ\u00e8s ? D\u00e9couvrez ce que nous pouvons faire pour vous<\/p>\n","protected":false},"author":1,"featured_media":0,"parent":0,"menu_order":0,"comment_status":"closed","ping_status":"closed","template":"","meta":{"_uag_custom_page_level_css":"","site-sidebar-layout":"no-sidebar","site-content-layout":"page-builder","ast-site-content-layout":"full-width-container","site-content-style":"unboxed","site-sidebar-style":"unboxed","ast-global-header-display":"","ast-banner-title-visibility":"","ast-main-header-display":"","ast-hfb-above-header-display":"","ast-hfb-below-header-display":"","ast-hfb-mobile-header-display":"","site-post-title":"disabled","ast-breadcrumbs-content":"","ast-featured-img":"disabled","footer-sml-layout":"","ast-disable-related-posts":"","theme-transparent-header-meta":"enabled","adv-header-id-meta":"","stick-header-meta":"","header-above-stick-meta":"","header-main-stick-meta":"","header-below-stick-meta":"","astra-migrate-meta-layouts":"default","ast-page-background-enabled":"default","ast-page-background-meta":{"desktop":{"background-color":"","background-image":"","background-repeat":"repeat","background-position":"center center","background-size":"auto","background-attachment":"scroll","background-type":"","background-media":"","overlay-type":"","overlay-color":"","overlay-opacity":"","overlay-gradient":""},"tablet":{"background-color":"","background-image":"","background-repeat":"repeat","background-position":"center center","background-size":"auto","background-attachment":"scroll","background-type":"","background-media":"","overlay-type":"","overlay-color":"","overlay-opacity":"","overlay-gradient":""},"mobile":{"background-color":"","background-image":"","background-repeat":"repeat","background-position":"center center","background-size":"auto","background-attachment":"scroll","background-type":"","background-media":"","overlay-type":"","overlay-color":"","overlay-opacity":"","overlay-gradient":""}},"ast-content-background-meta":{"desktop":{"background-color":"var(--ast-global-color-5)","background-image":"","background-repeat":"repeat","background-position":"center center","background-size":"auto","background-attachment":"scroll","background-type":"","background-media":"","overlay-type":"","overlay-color":"","overlay-opacity":"","overlay-gradient":""},"tablet":{"background-color":"var(--ast-global-color-5)","background-image":"","background-repeat":"repeat","background-position":"center center","background-size":"auto","background-attachment":"scroll","background-type":"","background-media":"","overlay-type":"","overlay-color":"","overlay-opacity":"","overlay-gradient":""},"mobile":{"background-color":"var(--ast-global-color-5)","background-image":"","background-repeat":"repeat","background-position":"center center","background-size":"auto","background-attachment":"scroll","background-type":"","background-media":"","overlay-type":"","overlay-color":"","overlay-opacity":"","overlay-gradient":""}},"footnotes":""},"class_list":["post-4527","page","type-page","status-publish","hentry"],"uagb_featured_image_src":{"full":false,"thumbnail":false,"medium":false,"medium_large":false,"large":false,"1536x1536":false,"2048x2048":false},"uagb_author_info":{"display_name":"blueprofilemedia.com","author_link":"https:\/\/blueprofilemedia.com\/fr\/author\/blueprofilemedia-com\/"},"uagb_comment_info":0,"uagb_excerpt":"Pr\u00eat \u00e0 \u00eatre notre prochain succ\u00e8s ? D\u00e9couvrez ce que nous pouvons faire pour vous","_links":{"self":[{"href":"https:\/\/blueprofilemedia.com\/fr\/wp-json\/wp\/v2\/pages\/4527","targetHints":{"allow":["GET"]}}],"collection":[{"href":"https:\/\/blueprofilemedia.com\/fr\/wp-json\/wp\/v2\/pages"}],"about":[{"href":"https:\/\/blueprofilemedia.com\/fr\/wp-json\/wp\/v2\/types\/page"}],"author":[{"embeddable":true,"href":"https:\/\/blueprofilemedia.com\/fr\/wp-json\/wp\/v2\/users\/1"}],"replies":[{"embeddable":true,"href":"https:\/\/blueprofilemedia.com\/fr\/wp-json\/wp\/v2\/comments?post=4527"}],"version-history":[{"count":0,"href":"https:\/\/blueprofilemedia.com\/fr\/wp-json\/wp\/v2\/pages\/4527\/revisions"}],"wp:attachment":[{"href":"https:\/\/blueprofilemedia.com\/fr\/wp-json\/wp\/v2\/media?parent=4527"}],"curies":[{"name":"wp","href":"https:\/\/api.w.org\/{rel}","templated":true}]}}