{"id":4515,"date":"2026-03-23T20:01:42","date_gmt":"2026-03-23T20:01:42","guid":{"rendered":"https:\/\/blueprofilemedia.com\/partenaires\/"},"modified":"2026-03-31T20:33:48","modified_gmt":"2026-03-31T19:33:48","slug":"partenaires","status":"publish","type":"page","link":"https:\/\/blueprofilemedia.com\/fr\/partenaires\/","title":{"rendered":"Partenaires"},"content":{"rendered":"\n<div class=\"wp-block-uagb-container uagb-block-d9b15012 alignfull uagb-is-root-container\"><div class=\"uagb-container-inner-blocks-wrap\">\n<div class=\"wp-block-uagb-info-box uagb-block-614c16d2 uagb-infobox__content-wrap  uagb-infobox-icon-above-title uagb-infobox-image-valign-top\"><div class=\"uagb-ifb-content\"><div class=\"uagb-ifb-title-wrap\"><h5 class=\"uagb-ifb-title-prefix\">Nos partenaires<\/h5><h5 class=\"uagb-ifb-title\"><br\/>Nous collaborons avec un r\u00e9seau de partenaires strat\u00e9giques pour assurer la croissance rentable et durable de votre entreprise.<\/h5><\/div><div class=\"uagb-ifb-button-wrapper wp-block-button\"><a href=\"https:\/\/www.blueprofilemedia.com\/services\/\" class=\"uagb-infobox-cta-link wp-block-button__link\" target=\"_self\" rel=\"noopener noreferrer\" onclick=\"return true;\"><span class=\"uagb-inline-editing\">COMMENCER<\/span><\/a><\/div><\/div><\/div>\n<\/div><\/div>\n\n<div class=\"wp-block-uagb-container uagb-block-zwmx79sg alignfull uagb-is-root-container\"><div class=\"uagb-container-inner-blocks-wrap\">\n<div class=\"wp-block-uagb-info-box uagb-block-8ccf6aed uagb-infobox__content-wrap  uagb-infobox-icon-above-title uagb-infobox-image-valign-top\"><div class=\"uagb-ifb-content\"><div class=\"uagb-ifb-title-wrap\"><h2 class=\"uagb-ifb-title\">Nos partenaires de confiance<\/h2><\/div><div class=\"uagb-ifb-separator\"><\/div><p class=\"uagb-ifb-desc\">Cr\u00e9er une pr\u00e9sence en ligne demande parfois une expertise qui d\u00e9passe le r\u00e9f\u00e9rencement et la cr\u00e9ation de sites web. Afin de garantir que nos clients soient toujours bien accompagn\u00e9s, nous avons form\u00e9 des partenariats avec des experts locaux de confiance. Ce sont les professionnels avec lesquels nous travaillons personnellement et que nous recommandons fortement.  <\/p><\/div><\/div>\n\n\n\n<div class=\"wp-block-uagb-container uagb-block-pbltl049\">\n<div class=\"wp-block-uagb-container uagb-layout-grid uagb-block-odws7yxl\">\n<div class=\"wp-block-uagb-image alignleft uagb-block-qjxef8rd wp-block-uagb-image--layout-default wp-block-uagb-image--effect-static wp-block-uagb-image--align-left\"><figure class=\"wp-block-uagb-image__figure\"><img decoding=\"async\" srcset=\"https:\/\/blueprofilemedia.com\/wp-content\/uploads\/2026\/03\/partners-simage.jpg ,https:\/\/blueprofilemedia.com\/wp-content\/uploads\/2026\/03\/partners-simage.jpg 780w, https:\/\/blueprofilemedia.com\/wp-content\/uploads\/2026\/03\/partners-simage.jpg 360w\" sizes=\"auto, (max-width: 480px) 150px\" src=\"https:\/\/blueprofilemedia.com\/wp-content\/uploads\/2026\/03\/partners-simage.jpg\" alt=\"SimageMedia \u2013 Partenaire professionnel en photographie par drone et vid\u00e9ographie\" class=\"uag-image-4506\" width=\"396\" height=\"300\" title=\"simagemedia-partenaire-photographie-par-drone\" loading=\"lazy\" role=\"img\"><\/figure><\/div>\n\n\n\n<div class=\"wp-block-uagb-info-box uagb-block-pfqq9f53 uagb-infobox__content-wrap  uagb-infobox-icon-above-title uagb-infobox-image-valign-top\"><div class=\"uagb-ifb-content\"><div class=\"uagb-ifb-title-wrap\"><p class=\"uagb-ifb-title-prefix\">simage media<\/p><h3 class=\"uagb-ifb-title\">Photographie &#8211; Imagerie par drone et vid\u00e9ographie<\/h3><\/div><p class=\"uagb-ifb-desc\">Si vous poss\u00e9dez un magnifique emplacement physique, il est essentiel de le d\u00e9voiler \u00e0 vos clients locaux. Simage Media met \u00e0 votre disposition plus de dix ans d&rsquo;expertise en cr\u00e9ation d&rsquo;images, directement dans la grande r\u00e9gion de Montr\u00e9al. Sp\u00e9cialis\u00e9 en photographie commerciale, en production vid\u00e9o et en captations par drone spectaculaires, Simon ma\u00eetrise l&rsquo;art de rendre chaque lieu \u00e0 la fois chaleureux et hautement professionnel. Nous recommandons fortement ses services aux entreprises locales qui cherchent \u00e0 am\u00e9liorer leurs photos.   <br\/><br\/><a href=\"https:\/\/www.simagemedia.com\/\" target=\"_blank\" rel=\"noreferrer noopener\">www.simagemedia.com<\/a><\/p><\/div><\/div>\n<\/div>\n\n\n\n<div class=\"wp-block-uagb-separator uagb-block-wzjv4wjf\"><div class=\"wp-block-uagb-separator__inner\" style=\"--my-background-image:\"><\/div><\/div>\n<\/div>\n\n\n\n<div class=\"wp-block-uagb-container uagb-block-1bb4b44d\">\n<div class=\"wp-block-uagb-container uagb-layout-grid uagb-block-491db599\">\n<div class=\"wp-block-uagb-image alignleft uagb-block-c58201f9 wp-block-uagb-image--layout-default wp-block-uagb-image--effect-static wp-block-uagb-image--align-left\"><figure class=\"wp-block-uagb-image__figure\"><img decoding=\"async\" srcset=\"https:\/\/blueprofilemedia.com\/wp-content\/uploads\/2025\/10\/Logo-Tamio-POS-Customers-page.jpg ,https:\/\/blueprofilemedia.com\/wp-content\/uploads\/2025\/10\/Logo-Tamio-POS-Customers-page.jpg 780w, https:\/\/blueprofilemedia.com\/wp-content\/uploads\/2025\/10\/Logo-Tamio-POS-Customers-page.jpg 360w\" sizes=\"auto, (max-width: 480px) 150px\" src=\"https:\/\/blueprofilemedia.com\/wp-content\/uploads\/2025\/10\/Logo-Tamio-POS-Customers-page.jpg\" alt=\"Logo officiel de Tamio POS, un syst\u00e8me de point de vente multilingue et certifi\u00e9 MEV-Web pour le Qu\u00e9bec.\" class=\"uag-image-3839\" width=\"396\" height=\"300\" title=\"System Tamio POS - MEV-Web Certifi\u00e9\" loading=\"lazy\" role=\"img\"><\/figure><\/div>\n\n\n\n<div class=\"wp-block-uagb-info-box uagb-block-46146527 uagb-infobox__content-wrap  uagb-infobox-icon-above-title uagb-infobox-image-valign-top\"><div class=\"uagb-ifb-content\"><div class=\"uagb-ifb-title-wrap\"><p class=\"uagb-ifb-title-prefix\">tamio pos<\/p><h3 class=\"uagb-ifb-title\">Solutions de point de vente<\/h3><\/div><p class=\"uagb-ifb-desc\">Nous croyons en l&rsquo;importance d&rsquo;offrir des solutions sur mesure qui correspondent r\u00e9ellement \u00e0 votre entreprise, et Tamio POS partage exactement cette m\u00eame philosophie. Fatigu\u00e9 de faire affaire avec des logiciels rigides et des revendeurs tiers qui ne comprennent pas vos op\u00e9rations quotidiennes ? Tamio travaille \u00e0 vos c\u00f4t\u00e9s pour livrer un syst\u00e8me de point de vente hautement intuitif qui s&rsquo;adapte \u00e0 votre flux de travail. Forts de 8 ann\u00e9es de retours clients directs et de mises \u00e0 jour logicielles gratuites, ils sont notre partenaire de confiance pour moderniser la fa\u00e7on dont les entreprises locales g\u00e8rent leurs ventes au quotidien.   <br\/><br\/><a href=\"http:\/\/www.tamiopos.com\/\" target=\"_blank\" rel=\"noreferrer noopener\">www.tamiopos.com<\/a><\/p><\/div><\/div>\n<\/div>\n\n\n\n<div class=\"wp-block-uagb-separator uagb-block-ef68c3da\"><div class=\"wp-block-uagb-separator__inner\" style=\"--my-background-image:\"><\/div><\/div>\n<\/div>\n<\/div><\/div>\n\n<div class=\"wp-block-uagb-container uagb-block-d5993ed5 alignfull uagb-is-root-container\"><div class=\"uagb-container-inner-blocks-wrap\">\n<div class=\"wp-block-uagb-container uagb-block-b997312a alignfull uagb-is-root-container\"><div class=\"uagb-container-inner-blocks-wrap\">\n<div class=\"wp-block-uagb-container uagb-block-166a6db0\">\n<div class=\"wp-block-uagb-container uagb-block-fa95bafb\">\n<div class=\"wp-block-uagb-advanced-heading uagb-block-88f49a11\"><h3 class=\"uagb-heading-text\">Votre profil actuel travaille-t-il vraiment pour vous ? <\/h3><\/div>\n<\/div>\n\n\n\n<div class=\"wp-block-uagb-container uagb-block-bc692aa6\">\n<div class=\"wp-block-uagb-buttons uagb-buttons__outer-wrap uagb-btn__default-btn uagb-btn-tablet__default-btn uagb-btn-mobile__default-btn uagb-block-7e52e495\"><div class=\"uagb-buttons__wrap uagb-buttons-layout-wrap \">\n<div class=\"wp-block-uagb-buttons-child uagb-buttons__outer-wrap uagb-block-d746d711 wp-block-button\"><div class=\"uagb-button__wrapper\"><a class=\"uagb-buttons-repeater wp-block-button__link\" aria-label=\"\" href=\"tel:+15148864635\" rel=\"follow noopener\" target=\"_self\" role=\"button\"><div class=\"uagb-button__link\">514-886-4635<\/div><\/a><\/div><\/div>\n<\/div><\/div>\n<\/div>\n<\/div>\n<\/div><\/div>\n<\/div><\/div>\n","protected":false},"excerpt":{"rendered":"<p>Votre profil actuel travaille-t-il vraiment pour vous ?<\/p>\n","protected":false},"author":1,"featured_media":0,"parent":0,"menu_order":0,"comment_status":"closed","ping_status":"closed","template":"","meta":{"_uag_custom_page_level_css":"","site-sidebar-layout":"no-sidebar","site-content-layout":"page-builder","ast-site-content-layout":"full-width-container","site-content-style":"unboxed","site-sidebar-style":"unboxed","ast-global-header-display":"","ast-banner-title-visibility":"","ast-main-header-display":"","ast-hfb-above-header-display":"","ast-hfb-below-header-display":"","ast-hfb-mobile-header-display":"","site-post-title":"disabled","ast-breadcrumbs-content":"","ast-featured-img":"disabled","footer-sml-layout":"","ast-disable-related-posts":"","theme-transparent-header-meta":"enabled","adv-header-id-meta":"","stick-header-meta":"","header-above-stick-meta":"","header-main-stick-meta":"","header-below-stick-meta":"","astra-migrate-meta-layouts":"default","ast-page-background-enabled":"default","ast-page-background-meta":{"desktop":{"background-color":"","background-image":"","background-repeat":"repeat","background-position":"center center","background-size":"auto","background-attachment":"scroll","background-type":"","background-media":"","overlay-type":"","overlay-color":"","overlay-opacity":"","overlay-gradient":""},"tablet":{"background-color":"","background-image":"","background-repeat":"repeat","background-position":"center center","background-size":"auto","background-attachment":"scroll","background-type":"","background-media":"","overlay-type":"","overlay-color":"","overlay-opacity":"","overlay-gradient":""},"mobile":{"background-color":"","background-image":"","background-repeat":"repeat","background-position":"center center","background-size":"auto","background-attachment":"scroll","background-type":"","background-media":"","overlay-type":"","overlay-color":"","overlay-opacity":"","overlay-gradient":""}},"ast-content-background-meta":{"desktop":{"background-color":"var(--ast-global-color-5)","background-image":"","background-repeat":"repeat","background-position":"center center","background-size":"auto","background-attachment":"scroll","background-type":"","background-media":"","overlay-type":"","overlay-color":"","overlay-opacity":"","overlay-gradient":""},"tablet":{"background-color":"var(--ast-global-color-5)","background-image":"","background-repeat":"repeat","background-position":"center center","background-size":"auto","background-attachment":"scroll","background-type":"","background-media":"","overlay-type":"","overlay-color":"","overlay-opacity":"","overlay-gradient":""},"mobile":{"background-color":"var(--ast-global-color-5)","background-image":"","background-repeat":"repeat","background-position":"center center","background-size":"auto","background-attachment":"scroll","background-type":"","background-media":"","overlay-type":"","overlay-color":"","overlay-opacity":"","overlay-gradient":""}},"footnotes":""},"class_list":["post-4515","page","type-page","status-publish","hentry"],"uagb_featured_image_src":{"full":false,"thumbnail":false,"medium":false,"medium_large":false,"large":false,"1536x1536":false,"2048x2048":false},"uagb_author_info":{"display_name":"blueprofilemedia.com","author_link":"https:\/\/blueprofilemedia.com\/fr\/author\/blueprofilemedia-com\/"},"uagb_comment_info":0,"uagb_excerpt":"Votre profil actuel travaille-t-il vraiment pour vous ?","_links":{"self":[{"href":"https:\/\/blueprofilemedia.com\/fr\/wp-json\/wp\/v2\/pages\/4515","targetHints":{"allow":["GET"]}}],"collection":[{"href":"https:\/\/blueprofilemedia.com\/fr\/wp-json\/wp\/v2\/pages"}],"about":[{"href":"https:\/\/blueprofilemedia.com\/fr\/wp-json\/wp\/v2\/types\/page"}],"author":[{"embeddable":true,"href":"https:\/\/blueprofilemedia.com\/fr\/wp-json\/wp\/v2\/users\/1"}],"replies":[{"embeddable":true,"href":"https:\/\/blueprofilemedia.com\/fr\/wp-json\/wp\/v2\/comments?post=4515"}],"version-history":[{"count":0,"href":"https:\/\/blueprofilemedia.com\/fr\/wp-json\/wp\/v2\/pages\/4515\/revisions"}],"wp:attachment":[{"href":"https:\/\/blueprofilemedia.com\/fr\/wp-json\/wp\/v2\/media?parent=4515"}],"curies":[{"name":"wp","href":"https:\/\/api.w.org\/{rel}","templated":true}]}}